{"id":40527,"date":"2021-01-28T04:21:33","date_gmt":"2021-01-28T09:21:33","guid":{"rendered":"https:\/\/wecodv.wpenginepowered.com\/careers\/"},"modified":"2022-02-14T00:48:28","modified_gmt":"2022-02-14T05:48:28","slug":"careers","status":"publish","type":"page","link":"https:\/\/wecoconnectors.com\/de\/careers\/","title":{"rendered":"Karriere"},"content":{"rendered":"[vc_row type=&#8220;full_width_background&#8220; full_screen_row_position=&#8220;middle&#8220; bg_image=&#8220;40607&#8243; bg_position=&#8220;left top&#8220; bg_repeat=&#8220;no-repeat&#8220; scene_position=&#8220;center&#8220; text_color=&#8220;dark&#8220; text_align=&#8220;left&#8220; class=&#8220;innerPageBanner&#8220; overlay_strength=&#8220;0.3&#8243; shape_divider_position=&#8220;bottom&#8220; bg_image_animation=&#8220;none&#8220; shape_type=&#8220;&#8220;][vc_column column_padding=&#8220;no-extra-padding&#8220; column_padding_position=&#8220;all&#8220; background_color_opacity=&#8220;1&#8243; background_hover_color_opacity=&#8220;1&#8243; column_link_target=&#8220;_self&#8220; column_shadow=&#8220;none&#8220; column_border_radius=&#8220;none&#8220; width=&#8220;1\/1&#8243; tablet_width_inherit=&#8220;default&#8220; tablet_text_alignment=&#8220;default&#8220; phone_text_alignment=&#8220;default&#8220; column_border_width=&#8220;none&#8220; column_border_style=&#8220;solid&#8220; bg_image_animation=&#8220;none&#8220;][vc_column_text]\n<h1>Karrierem<em>\u00f6<\/em>glichkeiten<\/h1>\n[\/vc_column_text][\/vc_column][\/vc_row][vc_row type=&#8220;in_container&#8220; full_screen_row_position=&#8220;middle&#8220; scene_position=&#8220;center&#8220; text_color=&#8220;dark&#8220; text_align=&#8220;left&#8220; overlay_strength=&#8220;0.3&#8243; shape_divider_position=&#8220;bottom&#8220; bg_image_animation=&#8220;none&#8220;][vc_column column_padding=&#8220;no-extra-padding&#8220; column_padding_position=&#8220;all&#8220; background_color_opacity=&#8220;1&#8243; background_hover_color_opacity=&#8220;1&#8243; column_link_target=&#8220;_self&#8220; column_shadow=&#8220;none&#8220; column_border_radius=&#8220;none&#8220; width=&#8220;1\/1&#8243; tablet_width_inherit=&#8220;default&#8220; tablet_text_alignment=&#8220;default&#8220; phone_text_alignment=&#8220;default&#8220; column_border_width=&#8220;none&#8220; column_border_style=&#8220;solid&#8220; bg_image_animation=&#8220;none&#8220;][vc_raw_html el_class=&#8220;wecocareer-main&#8220;]JTVCd2Vjby1jYXJlZXIlNUQ=[\/vc_raw_html][vc_column_text]\n<p style=\"text-align: center;\"><strong>Haben Sie nicht den Job gefunden, den Sie suchen?<\/strong><br \/>\nWECO expandiert kontinuierlich und ist immer auf der Suche nach qualifizierten Mitarbeitern, die unser Team erg\u00e4nzen.<br \/>\nWenn Sie eine gute Herausforderung in einem au\u00dfergew\u00f6hnlichen Team von talentierten Menschen genie\u00dfen und ein Umfeld suchen, in dem Ihr Fachwissen und Ihre F\u00e4higkeiten gesch\u00e4tzt werden, senden Sie bitte Ihren Lebenslauf an <a href=\"mailto:personal@wecogroup.de\">personal@wecogroup.de<\/a>.<\/p>\n[\/vc_column_text][\/vc_column][\/vc_row]\n","protected":false},"excerpt":{"rendered":"<p>[vc_row type=&#8220;full_width_background&#8220; full_screen_row_position=&#8220;middle&#8220; bg_image=&#8220;40607&#8243; bg_position=&#8220;left top&#8220; bg_repeat=&#8220;no-repeat&#8220; scene_position=&#8220;center&#8220; text_color=&#8220;dark&#8220; text_align=&#8220;left&#8220; class=&#8220;innerPageBanner&#8220; overlay_strength=&#8220;0.3&#8243; shape_divider_position=&#8220;bottom&#8220; bg_image_animation=&#8220;none&#8220; shape_type=&#8220;&#8220;][vc_column column_padding=&#8220;no-extra-padding&#8220; column_padding_position=&#8220;all&#8220; background_color_opacity=&#8220;1&#8243; background_hover_color_opacity=&#8220;1&#8243; column_link_target=&#8220;_self&#8220; column_shadow=&#8220;none&#8220; column_border_radius=&#8220;none&#8220; width=&#8220;1\/1&#8243; tablet_width_inherit=&#8220;default&#8220; tablet_text_alignment=&#8220;default&#8220; phone_text_alignment=&#8220;default&#8220; column_border_width=&#8220;none&#8220; column_border_style=&#8220;solid&#8220; bg_image_animation=&#8220;none&#8220;][vc_column_text] Karrierem\u00f6glichkeiten&#8230;<\/p>\n","protected":false},"author":8,"featured_media":0,"parent":0,"menu_order":0,"comment_status":"closed","ping_status":"closed","template":"","meta":{"_monsterinsights_skip_tracking":false,"_monsterinsights_sitenote_active":false,"_monsterinsights_sitenote_note":"","_monsterinsights_sitenote_category":0,"footnotes":""},"class_list":["post-40527","page","type-page","status-publish"],"acf":[],"yoast_head":"<!-- This site is optimized with the Yoast SEO plugin v26.7 - https:\/\/yoast.com\/wordpress\/plugins\/seo\/ -->\n<title>Karriere - WECO Electrical Connectors<\/title>\n<meta name=\"description\" content=\"Karriere - Karriere\" \/>\n<meta name=\"robots\" content=\"index, follow, max-snippet:-1, max-image-preview:large, max-video-preview:-1\" \/>\n<link rel=\"canonical\" href=\"https:\/\/wecoconnectors.com\/de\/careers\/\" \/>\n<meta property=\"og:locale\" content=\"de_DE\" \/>\n<meta property=\"og:type\" content=\"article\" \/>\n<meta property=\"og:title\" content=\"Karriere - WECO Electrical Connectors\" \/>\n<meta property=\"og:description\" content=\"Karriere - Karriere\" \/>\n<meta property=\"og:url\" content=\"https:\/\/wecoconnectors.com\/de\/careers\/\" \/>\n<meta property=\"og:site_name\" content=\"WECO Electrical Connectors\" \/>\n<meta property=\"article:modified_time\" content=\"2022-02-14T05:48:28+00:00\" \/>\n<meta property=\"og:image\" content=\"https:\/\/wecoconnectors.com\/wp-content\/uploads\/2021\/12\/weco-seo-new.jpg\" \/>\n\t<meta property=\"og:image:width\" content=\"971\" \/>\n\t<meta property=\"og:image:height\" content=\"509\" \/>\n\t<meta property=\"og:image:type\" content=\"image\/jpeg\" \/>\n<meta name=\"twitter:card\" content=\"summary_large_image\" \/>\n<meta name=\"twitter:label1\" content=\"Gesch\u00e4tzte Lesezeit\" \/>\n\t<meta name=\"twitter:data1\" content=\"1 Minute\" \/>\n<script type=\"application\/ld+json\" class=\"yoast-schema-graph\">{\"@context\":\"https:\/\/schema.org\",\"@graph\":[{\"@type\":\"WebPage\",\"@id\":\"https:\/\/wecoconnectors.com\/de\/careers\/\",\"url\":\"https:\/\/wecoconnectors.com\/de\/careers\/\",\"name\":\"Karriere - WECO Electrical Connectors\",\"isPartOf\":{\"@id\":\"https:\/\/wecoconnectors.com\/en\/#website\"},\"datePublished\":\"2021-01-28T09:21:33+00:00\",\"dateModified\":\"2022-02-14T05:48:28+00:00\",\"description\":\"Karriere - Karriere\",\"breadcrumb\":{\"@id\":\"https:\/\/wecoconnectors.com\/de\/careers\/#breadcrumb\"},\"inLanguage\":\"de-DE\",\"potentialAction\":[{\"@type\":\"ReadAction\",\"target\":[\"https:\/\/wecoconnectors.com\/de\/careers\/\"]}]},{\"@type\":\"BreadcrumbList\",\"@id\":\"https:\/\/wecoconnectors.com\/de\/careers\/#breadcrumb\",\"itemListElement\":[{\"@type\":\"ListItem\",\"position\":1,\"name\":\"Home\",\"item\":\"https:\/\/wecoconnectors.com\/de\/\"},{\"@type\":\"ListItem\",\"position\":2,\"name\":\"Karriere\"}]},{\"@type\":\"WebSite\",\"@id\":\"https:\/\/wecoconnectors.com\/en\/#website\",\"url\":\"https:\/\/wecoconnectors.com\/en\/\",\"name\":\"WECO Electrical Connectors\",\"description\":\"Connection without limits\",\"publisher\":{\"@id\":\"https:\/\/wecoconnectors.com\/en\/#organization\"},\"potentialAction\":[{\"@type\":\"SearchAction\",\"target\":{\"@type\":\"EntryPoint\",\"urlTemplate\":\"https:\/\/wecoconnectors.com\/en\/?s={search_term_string}\"},\"query-input\":{\"@type\":\"PropertyValueSpecification\",\"valueRequired\":true,\"valueName\":\"search_term_string\"}}],\"inLanguage\":\"de-DE\"},{\"@type\":\"Organization\",\"@id\":\"https:\/\/wecoconnectors.com\/en\/#organization\",\"name\":\"WECO Electrical Connectors\",\"url\":\"https:\/\/wecoconnectors.com\/en\/\",\"logo\":{\"@type\":\"ImageObject\",\"inLanguage\":\"de-DE\",\"@id\":\"https:\/\/wecoconnectors.com\/en\/#\/schema\/logo\/image\/\",\"url\":\"https:\/\/wecoconnectors.com\/wp-content\/uploads\/2021\/12\/weco-seo-new.jpg\",\"contentUrl\":\"https:\/\/wecoconnectors.com\/wp-content\/uploads\/2021\/12\/weco-seo-new.jpg\",\"width\":971,\"height\":509,\"caption\":\"WECO Electrical Connectors\"},\"image\":{\"@id\":\"https:\/\/wecoconnectors.com\/en\/#\/schema\/logo\/image\/\"}}]}<\/script>\n<!-- \/ Yoast SEO plugin. -->","yoast_head_json":{"title":"Karriere - WECO Electrical Connectors","description":"Karriere - Karriere","robots":{"index":"index","follow":"follow","max-snippet":"max-snippet:-1","max-image-preview":"max-image-preview:large","max-video-preview":"max-video-preview:-1"},"canonical":"https:\/\/wecoconnectors.com\/de\/careers\/","og_locale":"de_DE","og_type":"article","og_title":"Karriere - WECO Electrical Connectors","og_description":"Karriere - Karriere","og_url":"https:\/\/wecoconnectors.com\/de\/careers\/","og_site_name":"WECO Electrical Connectors","article_modified_time":"2022-02-14T05:48:28+00:00","og_image":[{"width":971,"height":509,"url":"https:\/\/wecoconnectors.com\/wp-content\/uploads\/2021\/12\/weco-seo-new.jpg","type":"image\/jpeg"}],"twitter_card":"summary_large_image","twitter_misc":{"Gesch\u00e4tzte Lesezeit":"1 Minute"},"schema":{"@context":"https:\/\/schema.org","@graph":[{"@type":"WebPage","@id":"https:\/\/wecoconnectors.com\/de\/careers\/","url":"https:\/\/wecoconnectors.com\/de\/careers\/","name":"Karriere - WECO Electrical Connectors","isPartOf":{"@id":"https:\/\/wecoconnectors.com\/en\/#website"},"datePublished":"2021-01-28T09:21:33+00:00","dateModified":"2022-02-14T05:48:28+00:00","description":"Karriere - Karriere","breadcrumb":{"@id":"https:\/\/wecoconnectors.com\/de\/careers\/#breadcrumb"},"inLanguage":"de-DE","potentialAction":[{"@type":"ReadAction","target":["https:\/\/wecoconnectors.com\/de\/careers\/"]}]},{"@type":"BreadcrumbList","@id":"https:\/\/wecoconnectors.com\/de\/careers\/#breadcrumb","itemListElement":[{"@type":"ListItem","position":1,"name":"Home","item":"https:\/\/wecoconnectors.com\/de\/"},{"@type":"ListItem","position":2,"name":"Karriere"}]},{"@type":"WebSite","@id":"https:\/\/wecoconnectors.com\/en\/#website","url":"https:\/\/wecoconnectors.com\/en\/","name":"WECO Electrical Connectors","description":"Connection without limits","publisher":{"@id":"https:\/\/wecoconnectors.com\/en\/#organization"},"potentialAction":[{"@type":"SearchAction","target":{"@type":"EntryPoint","urlTemplate":"https:\/\/wecoconnectors.com\/en\/?s={search_term_string}"},"query-input":{"@type":"PropertyValueSpecification","valueRequired":true,"valueName":"search_term_string"}}],"inLanguage":"de-DE"},{"@type":"Organization","@id":"https:\/\/wecoconnectors.com\/en\/#organization","name":"WECO Electrical Connectors","url":"https:\/\/wecoconnectors.com\/en\/","logo":{"@type":"ImageObject","inLanguage":"de-DE","@id":"https:\/\/wecoconnectors.com\/en\/#\/schema\/logo\/image\/","url":"https:\/\/wecoconnectors.com\/wp-content\/uploads\/2021\/12\/weco-seo-new.jpg","contentUrl":"https:\/\/wecoconnectors.com\/wp-content\/uploads\/2021\/12\/weco-seo-new.jpg","width":971,"height":509,"caption":"WECO Electrical Connectors"},"image":{"@id":"https:\/\/wecoconnectors.com\/en\/#\/schema\/logo\/image\/"}}]}},"_links":{"self":[{"href":"https:\/\/wecoconnectors.com\/de\/wp-json\/wp\/v2\/pages\/40527","targetHints":{"allow":["GET"]}}],"collection":[{"href":"https:\/\/wecoconnectors.com\/de\/wp-json\/wp\/v2\/pages"}],"about":[{"href":"https:\/\/wecoconnectors.com\/de\/wp-json\/wp\/v2\/types\/page"}],"author":[{"embeddable":true,"href":"https:\/\/wecoconnectors.com\/de\/wp-json\/wp\/v2\/users\/8"}],"replies":[{"embeddable":true,"href":"https:\/\/wecoconnectors.com\/de\/wp-json\/wp\/v2\/comments?post=40527"}],"version-history":[{"count":0,"href":"https:\/\/wecoconnectors.com\/de\/wp-json\/wp\/v2\/pages\/40527\/revisions"}],"wp:attachment":[{"href":"https:\/\/wecoconnectors.com\/de\/wp-json\/wp\/v2\/media?parent=40527"}],"curies":[{"name":"wp","href":"https:\/\/api.w.org\/{rel}","templated":true}]}}