{"id":35501,"date":"2019-04-24T00:00:00","date_gmt":"2019-04-24T04:00:00","guid":{"rendered":"https:\/\/wecodv.wpenginepowered.com\/products\/"},"modified":"2023-11-07T00:17:21","modified_gmt":"2023-11-07T05:17:21","slug":"productos","status":"publish","type":"page","link":"https:\/\/wecoconnectors.com\/es\/productos\/","title":{"rendered":"PRODUCTOS"},"content":{"rendered":"<p>Lo sentimos, no podemos encontrar ning\u00fan resultado en su idioma. Actualmente, el contenido de la secci\u00f3n \u00abProductos\u00bb s\u00f3lo est\u00e1 disponible en ingl\u00e9s y alem\u00e1n.<\/p>\n","protected":false},"excerpt":{"rendered":"<p>Lo sentimos, no podemos encontrar ning\u00fan resultado en su idioma. Actualmente, el contenido de la secci\u00f3n \u00abProductos\u00bb s\u00f3lo est\u00e1 disponible en ingl\u00e9s y alem\u00e1n.<\/p>\n","protected":false},"author":3,"featured_media":35057,"parent":0,"menu_order":0,"comment_status":"open","ping_status":"closed","template":"template-products.php","meta":{"_monsterinsights_skip_tracking":false,"_monsterinsights_sitenote_active":false,"_monsterinsights_sitenote_note":"","_monsterinsights_sitenote_category":0,"footnotes":""},"class_list":["post-35501","page","type-page","status-publish","has-post-thumbnail"],"acf":[],"yoast_head":"<!-- This site is optimized with the Yoast SEO plugin v26.7 - https:\/\/yoast.com\/wordpress\/plugins\/seo\/ -->\n<title>PRODUCTOS - WECO Electrical Connectors<\/title>\n<meta name=\"description\" content=\"PRODUCTOS - PRODUCTOS\" \/>\n<meta name=\"robots\" content=\"index, follow, max-snippet:-1, max-image-preview:large, max-video-preview:-1\" \/>\n<link rel=\"canonical\" href=\"https:\/\/wecoconnectors.com\/es\/productos\/\" \/>\n<meta property=\"og:locale\" content=\"es_ES\" \/>\n<meta property=\"og:type\" content=\"article\" \/>\n<meta property=\"og:title\" content=\"PRODUCTOS - WECO Electrical Connectors\" \/>\n<meta property=\"og:description\" content=\"PRODUCTOS - PRODUCTOS\" \/>\n<meta property=\"og:url\" content=\"https:\/\/wecoconnectors.com\/es\/productos\/\" \/>\n<meta property=\"og:site_name\" content=\"WECO Electrical Connectors\" \/>\n<meta property=\"article:modified_time\" content=\"2023-11-07T05:17:21+00:00\" \/>\n<meta property=\"og:image\" content=\"https:\/\/wecoconnectors.com\/wp-content\/uploads\/2019\/10\/Slider_01.jpg\" \/>\n\t<meta property=\"og:image:width\" content=\"1900\" \/>\n\t<meta property=\"og:image:height\" content=\"773\" \/>\n\t<meta property=\"og:image:type\" content=\"image\/jpeg\" \/>\n<meta name=\"twitter:card\" content=\"summary_large_image\" \/>\n<meta name=\"twitter:label1\" content=\"Tiempo de lectura\" \/>\n\t<meta name=\"twitter:data1\" content=\"1 minuto\" \/>\n<script type=\"application\/ld+json\" class=\"yoast-schema-graph\">{\"@context\":\"https:\/\/schema.org\",\"@graph\":[{\"@type\":\"WebPage\",\"@id\":\"https:\/\/wecoconnectors.com\/es\/productos\/\",\"url\":\"https:\/\/wecoconnectors.com\/es\/productos\/\",\"name\":\"PRODUCTOS - WECO Electrical Connectors\",\"isPartOf\":{\"@id\":\"https:\/\/wecoconnectors.com\/en\/#website\"},\"primaryImageOfPage\":{\"@id\":\"https:\/\/wecoconnectors.com\/es\/productos\/#primaryimage\"},\"image\":{\"@id\":\"https:\/\/wecoconnectors.com\/es\/productos\/#primaryimage\"},\"thumbnailUrl\":\"https:\/\/wecoconnectors.com\/wp-content\/uploads\/2019\/10\/Slider_01.jpg\",\"datePublished\":\"2019-04-24T04:00:00+00:00\",\"dateModified\":\"2023-11-07T05:17:21+00:00\",\"description\":\"PRODUCTOS - PRODUCTOS\",\"breadcrumb\":{\"@id\":\"https:\/\/wecoconnectors.com\/es\/productos\/#breadcrumb\"},\"inLanguage\":\"es\",\"potentialAction\":[{\"@type\":\"ReadAction\",\"target\":[\"https:\/\/wecoconnectors.com\/es\/productos\/\"]}]},{\"@type\":\"ImageObject\",\"inLanguage\":\"es\",\"@id\":\"https:\/\/wecoconnectors.com\/es\/productos\/#primaryimage\",\"url\":\"https:\/\/wecoconnectors.com\/wp-content\/uploads\/2019\/10\/Slider_01.jpg\",\"contentUrl\":\"https:\/\/wecoconnectors.com\/wp-content\/uploads\/2019\/10\/Slider_01.jpg\",\"width\":1900,\"height\":773},{\"@type\":\"BreadcrumbList\",\"@id\":\"https:\/\/wecoconnectors.com\/es\/productos\/#breadcrumb\",\"itemListElement\":[{\"@type\":\"ListItem\",\"position\":1,\"name\":\"Home\",\"item\":\"https:\/\/wecoconnectors.com\/es\/\"},{\"@type\":\"ListItem\",\"position\":2,\"name\":\"PRODUCTOS\"}]},{\"@type\":\"WebSite\",\"@id\":\"https:\/\/wecoconnectors.com\/en\/#website\",\"url\":\"https:\/\/wecoconnectors.com\/en\/\",\"name\":\"WECO Electrical Connectors\",\"description\":\"Connection without limits\",\"publisher\":{\"@id\":\"https:\/\/wecoconnectors.com\/en\/#organization\"},\"potentialAction\":[{\"@type\":\"SearchAction\",\"target\":{\"@type\":\"EntryPoint\",\"urlTemplate\":\"https:\/\/wecoconnectors.com\/en\/?s={search_term_string}\"},\"query-input\":{\"@type\":\"PropertyValueSpecification\",\"valueRequired\":true,\"valueName\":\"search_term_string\"}}],\"inLanguage\":\"es\"},{\"@type\":\"Organization\",\"@id\":\"https:\/\/wecoconnectors.com\/en\/#organization\",\"name\":\"WECO Electrical Connectors\",\"url\":\"https:\/\/wecoconnectors.com\/en\/\",\"logo\":{\"@type\":\"ImageObject\",\"inLanguage\":\"es\",\"@id\":\"https:\/\/wecoconnectors.com\/en\/#\/schema\/logo\/image\/\",\"url\":\"https:\/\/wecoconnectors.com\/wp-content\/uploads\/2021\/12\/weco-seo-new.jpg\",\"contentUrl\":\"https:\/\/wecoconnectors.com\/wp-content\/uploads\/2021\/12\/weco-seo-new.jpg\",\"width\":971,\"height\":509,\"caption\":\"WECO Electrical Connectors\"},\"image\":{\"@id\":\"https:\/\/wecoconnectors.com\/en\/#\/schema\/logo\/image\/\"}}]}<\/script>\n<!-- \/ Yoast SEO plugin. -->","yoast_head_json":{"title":"PRODUCTOS - WECO Electrical Connectors","description":"PRODUCTOS - PRODUCTOS","robots":{"index":"index","follow":"follow","max-snippet":"max-snippet:-1","max-image-preview":"max-image-preview:large","max-video-preview":"max-video-preview:-1"},"canonical":"https:\/\/wecoconnectors.com\/es\/productos\/","og_locale":"es_ES","og_type":"article","og_title":"PRODUCTOS - WECO Electrical Connectors","og_description":"PRODUCTOS - PRODUCTOS","og_url":"https:\/\/wecoconnectors.com\/es\/productos\/","og_site_name":"WECO Electrical Connectors","article_modified_time":"2023-11-07T05:17:21+00:00","og_image":[{"width":1900,"height":773,"url":"https:\/\/wecoconnectors.com\/wp-content\/uploads\/2019\/10\/Slider_01.jpg","type":"image\/jpeg"}],"twitter_card":"summary_large_image","twitter_misc":{"Tiempo de lectura":"1 minuto"},"schema":{"@context":"https:\/\/schema.org","@graph":[{"@type":"WebPage","@id":"https:\/\/wecoconnectors.com\/es\/productos\/","url":"https:\/\/wecoconnectors.com\/es\/productos\/","name":"PRODUCTOS - WECO Electrical Connectors","isPartOf":{"@id":"https:\/\/wecoconnectors.com\/en\/#website"},"primaryImageOfPage":{"@id":"https:\/\/wecoconnectors.com\/es\/productos\/#primaryimage"},"image":{"@id":"https:\/\/wecoconnectors.com\/es\/productos\/#primaryimage"},"thumbnailUrl":"https:\/\/wecoconnectors.com\/wp-content\/uploads\/2019\/10\/Slider_01.jpg","datePublished":"2019-04-24T04:00:00+00:00","dateModified":"2023-11-07T05:17:21+00:00","description":"PRODUCTOS - PRODUCTOS","breadcrumb":{"@id":"https:\/\/wecoconnectors.com\/es\/productos\/#breadcrumb"},"inLanguage":"es","potentialAction":[{"@type":"ReadAction","target":["https:\/\/wecoconnectors.com\/es\/productos\/"]}]},{"@type":"ImageObject","inLanguage":"es","@id":"https:\/\/wecoconnectors.com\/es\/productos\/#primaryimage","url":"https:\/\/wecoconnectors.com\/wp-content\/uploads\/2019\/10\/Slider_01.jpg","contentUrl":"https:\/\/wecoconnectors.com\/wp-content\/uploads\/2019\/10\/Slider_01.jpg","width":1900,"height":773},{"@type":"BreadcrumbList","@id":"https:\/\/wecoconnectors.com\/es\/productos\/#breadcrumb","itemListElement":[{"@type":"ListItem","position":1,"name":"Home","item":"https:\/\/wecoconnectors.com\/es\/"},{"@type":"ListItem","position":2,"name":"PRODUCTOS"}]},{"@type":"WebSite","@id":"https:\/\/wecoconnectors.com\/en\/#website","url":"https:\/\/wecoconnectors.com\/en\/","name":"WECO Electrical Connectors","description":"Connection without limits","publisher":{"@id":"https:\/\/wecoconnectors.com\/en\/#organization"},"potentialAction":[{"@type":"SearchAction","target":{"@type":"EntryPoint","urlTemplate":"https:\/\/wecoconnectors.com\/en\/?s={search_term_string}"},"query-input":{"@type":"PropertyValueSpecification","valueRequired":true,"valueName":"search_term_string"}}],"inLanguage":"es"},{"@type":"Organization","@id":"https:\/\/wecoconnectors.com\/en\/#organization","name":"WECO Electrical Connectors","url":"https:\/\/wecoconnectors.com\/en\/","logo":{"@type":"ImageObject","inLanguage":"es","@id":"https:\/\/wecoconnectors.com\/en\/#\/schema\/logo\/image\/","url":"https:\/\/wecoconnectors.com\/wp-content\/uploads\/2021\/12\/weco-seo-new.jpg","contentUrl":"https:\/\/wecoconnectors.com\/wp-content\/uploads\/2021\/12\/weco-seo-new.jpg","width":971,"height":509,"caption":"WECO Electrical Connectors"},"image":{"@id":"https:\/\/wecoconnectors.com\/en\/#\/schema\/logo\/image\/"}}]}},"_links":{"self":[{"href":"https:\/\/wecoconnectors.com\/es\/wp-json\/wp\/v2\/pages\/35501","targetHints":{"allow":["GET"]}}],"collection":[{"href":"https:\/\/wecoconnectors.com\/es\/wp-json\/wp\/v2\/pages"}],"about":[{"href":"https:\/\/wecoconnectors.com\/es\/wp-json\/wp\/v2\/types\/page"}],"author":[{"embeddable":true,"href":"https:\/\/wecoconnectors.com\/es\/wp-json\/wp\/v2\/users\/3"}],"replies":[{"embeddable":true,"href":"https:\/\/wecoconnectors.com\/es\/wp-json\/wp\/v2\/comments?post=35501"}],"version-history":[{"count":0,"href":"https:\/\/wecoconnectors.com\/es\/wp-json\/wp\/v2\/pages\/35501\/revisions"}],"wp:featuredmedia":[{"embeddable":true,"href":"https:\/\/wecoconnectors.com\/es\/wp-json\/wp\/v2\/media\/35057"}],"wp:attachment":[{"href":"https:\/\/wecoconnectors.com\/es\/wp-json\/wp\/v2\/media?parent=35501"}],"curies":[{"name":"wp","href":"https:\/\/api.w.org\/{rel}","templated":true}]}}