{"id":60396,"date":"2023-11-07T05:59:20","date_gmt":"2023-11-07T10:59:20","guid":{"rendered":"https:\/\/wecodv.wpenginepowered.com\/terminos-y-condiciones\/"},"modified":"2023-11-07T05:59:24","modified_gmt":"2023-11-07T10:59:24","slug":"terminos-y-condiciones","status":"publish","type":"page","link":"https:\/\/wecoconnectors.com\/es\/terminos-y-condiciones\/","title":{"rendered":"T\u00e9rminos y Condiciones"},"content":{"rendered":"[vc_row type=\u00bbfull_width_background\u00bb full_screen_row_position=\u00bbmiddle\u00bb bg_image=\u00bb41213&#8243; bg_position=\u00bbcenter center\u00bb bg_repeat=\u00bbno-repeat\u00bb scene_position=\u00bbcenter\u00bb text_color=\u00bbdark\u00bb text_align=\u00bbleft\u00bb class=\u00bbnewsBanner\u00bb overlay_strength=\u00bb0.3&#8243; shape_divider_position=\u00bbbottom\u00bb bg_image_animation=\u00bbnone\u00bb shape_type=\u00bb\u00bb][vc_column column_padding=\u00bbno-extra-padding\u00bb column_padding_position=\u00bball\u00bb background_color_opacity=\u00bb1&#8243; background_hover_color_opacity=\u00bb1&#8243; column_link_target=\u00bb_self\u00bb column_shadow=\u00bbnone\u00bb column_border_radius=\u00bbnone\u00bb el_class=\u00bbinnerPageBanner\u00bb width=\u00bb1\/1&#8243; tablet_width_inherit=\u00bbdefault\u00bb tablet_text_alignment=\u00bbdefault\u00bb phone_text_alignment=\u00bbdefault\u00bb column_border_width=\u00bbnone\u00bb column_border_style=\u00bbsolid\u00bb bg_image_animation=\u00bbnone\u00bb][vc_column_text]\n<h1>T\u00e9rminos y Condiciones<\/h1>\n[\/vc_column_text][\/vc_column][\/vc_row][vc_row type=\u00bbin_container\u00bb full_screen_row_position=\u00bbmiddle\u00bb scene_position=\u00bbcenter\u00bb text_color=\u00bbdark\u00bb text_align=\u00bbcenter\u00bb translate_y=\u00bb-40&#8243; disable_element=\u00bbyes\u00bb overlay_strength=\u00bb0.3&#8243; shape_divider_position=\u00bbbottom\u00bb bg_image_animation=\u00bbnone\u00bb shape_type=\u00bb\u00bb][vc_column column_padding=\u00bbno-extra-padding\u00bb column_padding_position=\u00bball\u00bb background_color_opacity=\u00bb1&#8243; background_hover_color_opacity=\u00bb1&#8243; column_link_target=\u00bb_self\u00bb column_shadow=\u00bbnone\u00bb column_border_radius=\u00bbnone\u00bb width=\u00bb1\/1&#8243; tablet_width_inherit=\u00bbdefault\u00bb tablet_text_alignment=\u00bbdefault\u00bb phone_text_alignment=\u00bbdefault\u00bb column_border_width=\u00bbnone\u00bb column_border_style=\u00bbsolid\u00bb bg_image_animation=\u00bbnone\u00bb]\n<div id=\"rev_slider_11_1_wrapper\" class=\"rev_slider_wrapper fullwidthbanner-container\" data-source=\"gallery\" style=\"margin:0px auto;background:transparent;padding:0px;margin-top:0px;margin-bottom:0px;\">\n<!-- START REVOLUTION SLIDER 5.4.8.1 fullwidth mode -->\n\t<div id=\"rev_slider_11_1\" class=\"rev_slider fullwidthabanner\" style=\"display:none;\" data-version=\"5.4.8.1\">\n<ul>\t<!-- SLIDE  -->\n\t<li data-index=\"rs-15\" data-transition=\"fade\" data-slotamount=\"default\" data-hideafterloop=\"0\" data-hideslideonmobile=\"off\"  data-easein=\"default\" data-easeout=\"default\" data-masterspeed=\"300\"  data-delay=\"7000\"  data-rotate=\"0\"  data-saveperformance=\"off\"  data-title=\"Slide\" data-param1=\"\" data-param2=\"\" data-param3=\"\" data-param4=\"\" data-param5=\"\" data-param6=\"\" data-param7=\"\" data-param8=\"\" data-param9=\"\" data-param10=\"\" data-description=\"\">\n\t\t<!-- MAIN IMAGE -->\n\t\t<img fetchpriority=\"high\" decoding=\"async\" src=\"https:\/\/wecoconnectors.com\/wp-content\/uploads\/revslider\/contact-en\/WECO-Contact.jpg\"  alt=\"\" title=\"WECO-Contact.jpg\"  width=\"1920\" height=\"600\" data-bgposition=\"center center\" data-bgfit=\"cover\" data-bgrepeat=\"no-repeat\" data-bgparallax=\"off\" class=\"rev-slidebg\" data-no-retina>\n\t\t<!-- LAYERS -->\n\t<\/li>\n<\/ul>\n<div class=\"tp-bannertimer tp-bottom\" style=\"visibility: hidden !important;\"><\/div>\t<\/div>\n<script>var htmlDiv = document.getElementById(\"rs-plugin-settings-inline-css\"); var htmlDivCss=\"\";\r\n\t\t\t\tif(htmlDiv) {\r\n\t\t\t\t\thtmlDiv.innerHTML = htmlDiv.innerHTML + htmlDivCss;\r\n\t\t\t\t}else{\r\n\t\t\t\t\tvar htmlDiv = document.createElement(\"div\");\r\n\t\t\t\t\thtmlDiv.innerHTML = \"<style>\" + htmlDivCss + \"<\/style>\";\r\n\t\t\t\t\tdocument.getElementsByTagName(\"head\")[0].appendChild(htmlDiv.childNodes[0]);\r\n\t\t\t\t}\r\n\t\t\t<\/script>\n\t\t<script type=\"text\/javascript\">\r\nif (setREVStartSize!==undefined) setREVStartSize(\r\n\t{c: '#rev_slider_11_1', responsiveLevels: [1240,1024,778,480], gridwidth: [1240,1024,778,480], gridheight: [300,300,300,200], sliderLayout: 'fullwidth'});\r\n\t\t\t\r\nvar revapi11,\r\n\ttpj;\t\r\n(function() {\t\t\t\r\n\tif (!\/loaded|interactive|complete\/.test(document.readyState)) document.addEventListener(\"DOMContentLoaded\",onLoad); else onLoad();\t\r\n\tfunction onLoad() {\t\t\t\t\r\n\t\tif (tpj===undefined) { tpj = jQuery; if(\"off\" == \"on\") tpj.noConflict();}\r\n\tif(tpj(\"#rev_slider_11_1\").revolution == undefined){\n\t\trevslider_showDoubleJqueryError(\"#rev_slider_11_1\");\n\t}else{\n\t\trevapi11 = tpj(\"#rev_slider_11_1\").show().revolution({\n\t\t\tsliderType:\"standard\",\n\t\t\tjsFileLocation:\"\/\/wecoconnectors.com\/wp-content\/plugins\/revslider\/public\/assets\/js\/\",\n\t\t\tsliderLayout:\"fullwidth\",\n\t\t\tdottedOverlay:\"none\",\n\t\t\tdelay:7000,\n\t\t\tnavigation: {\n\t\t\t\tonHoverStop:\"on\",\n\t\t\t},\n\t\t\tresponsiveLevels:[1240,1024,778,480],\n\t\t\tvisibilityLevels:[1240,1024,778,480],\n\t\t\tgridwidth:[1240,1024,778,480],\n\t\t\tgridheight:[300,300,300,200],\n\t\t\tlazyType:\"none\",\n\t\t\tparallax: {\n\t\t\t\ttype:\"mouse\",\n\t\t\t\torigo:\"slidercenter\",\n\t\t\t\tspeed:2000,\n\t\t\t\tspeedbg:0,\n\t\t\t\tspeedls:0,\n\t\t\t\tlevels:[2,3,4,5,6,7,12,16,10,50,47,48,49,50,51,55],\n\t\t\t},\n\t\t\tshadow:0,\n\t\t\tspinner:\"off\",\n\t\t\tstopLoop:\"off\",\n\t\t\tstopAfterLoops:-1,\n\t\t\tstopAtSlide:-1,\n\t\t\tshuffle:\"off\",\n\t\t\tautoHeight:\"off\",\n\t\t\tdisableProgressBar:\"on\",\n\t\t\thideThumbsOnMobile:\"off\",\n\t\t\thideSliderAtLimit:0,\n\t\t\thideCaptionAtLimit:0,\n\t\t\thideAllCaptionAtLilmit:0,\n\t\t\tdebugMode:false,\n\t\t\tfallbacks: {\n\t\t\t\tsimplifyAll:\"off\",\n\t\t\t\tnextSlideOnWindowFocus:\"off\",\n\t\t\t\tdisableFocusListener:false,\n\t\t\t}\n\t\t});\n\t}; \/* END OF revapi call *\/\n\t\n }; \/* END OF ON LOAD FUNCTION *\/\r\n}()); \/* END OF WRAPPING FUNCTION *\/\r\n<\/script>\r\n\t\t<\/div><!-- END REVOLUTION SLIDER -->[\/vc_column][\/vc_row][vc_row type=\u00bbfull_width_background\u00bb full_screen_row_position=\u00bbmiddle\u00bb scene_position=\u00bbcenter\u00bb text_color=\u00bbdark\u00bb text_align=\u00bbleft\u00bb overlay_strength=\u00bb0.3&#8243; shape_divider_position=\u00bbbottom\u00bb bg_image_animation=\u00bbnone\u00bb shape_type=\u00bb\u00bb][vc_column column_padding=\u00bbno-extra-padding\u00bb column_padding_position=\u00bball\u00bb background_color_opacity=\u00bb1&#8243; background_hover_color_opacity=\u00bb1&#8243; column_link_target=\u00bb_self\u00bb column_shadow=\u00bbnone\u00bb column_border_radius=\u00bbnone\u00bb width=\u00bb1\/1&#8243; tablet_width_inherit=\u00bbdefault\u00bb tablet_text_alignment=\u00bbdefault\u00bb phone_text_alignment=\u00bbdefault\u00bb column_border_width=\u00bbnone\u00bb column_border_style=\u00bbsolid\u00bb bg_image_animation=\u00bbnone\u00bb]<div class=\"divider-wrap\" data-alignment=\"default\"><div style=\"height: 25px;\" class=\"divider\"><\/div><\/div>[vc_column_text][\/vc_column_text][vc_column_text]<strong>1. General<\/strong><\/p>\n<p>Unless otherwise agreed in writing by WECO Electrical Connectors Inc. (\u00abWECO\u00bb), these terms and conditions of sale shall prevail over any terms or conditions stipulated, incorporated or referred to by the Buyer in his order or<br \/>\nnegotiations or otherwise. The failure of WECO to object to provisions contained in any purchase order or other communication from the Buyer shall not be construed as a waiver of these conditions nor as an acceptance of any other terms and conditions.<br \/>\nNo orders shall be binding upon WECO until accepted in writing by WECO at its corporate headquarters located in Kirkland, Qu\u00e9bec, Canada[\/vc_column_text]<div class=\"divider-wrap\" data-alignment=\"default\"><div style=\"height: 40px;\" class=\"divider\"><\/div><\/div>[vc_column_text]<strong>2. PRICE VARIATIONS <\/strong><\/p>\n<p>All prices and conditions are subject to variation by WECO without notice.[\/vc_column_text]<div class=\"divider-wrap\" data-alignment=\"default\"><div style=\"height: 40px;\" class=\"divider\"><\/div><\/div>[vc_column_text]<strong>3. MODIFICATION, CANCELLATION <\/strong><\/p>\n<p>No order accepted by WECO may be altered or modified by the Buyer unless agreed to in writing by WECO; no order may be cancelled or terminated by the Buyer except with the written consent of WECO and upon payment of WECO&#8217;s loss, expenses and damages, direct or indirect, resulting from such cancellation or termination.<br \/>\nWeights, measures, dimensions and illustrations which are contained in any catalogue, brochure or pamphlet of WECO are purely for illustrative purposes and WECO reserves the right to change such weights, measures, dimensions and illustrations without notice.[\/vc_column_text]<div class=\"divider-wrap\" data-alignment=\"default\"><div style=\"height: 40px;\" class=\"divider\"><\/div><\/div>[vc_column_text]<strong>4. ERRORS<\/strong><\/p>\n<p>Typographical and clerical errors in quotations, price lists, invoices, labels and acknowledgements are subject to correction by WECO.[\/vc_column_text]<div class=\"divider-wrap\" data-alignment=\"default\"><div style=\"height: 40px;\" class=\"divider\"><\/div><\/div>[vc_column_text]<strong>5. SUITABILITY<\/strong><\/p>\n<p>All quotations given and sales made are upon the express condition that there is no guarantee, warranty or representation given or made as to the suitability of the products for any specific purpose, even if that purpose is known to WECO.<br \/>\nWECO reserves the right to make alterations in line with technical advances and industry standards.[\/vc_column_text]<div class=\"divider-wrap\" data-alignment=\"default\"><div style=\"height: 40px;\" class=\"divider\"><\/div><\/div>[vc_column_text]<strong>6. DELIVERY<\/strong><\/p>\n<p>Times specified for delivery are approximate only. WECO will not be responsible for late delivery due to circumstances or events beyond its control. WECO reserves the right to make partial shipments. Subject to the discretion of WECO, all shipments made by WECO shall be by the most economical<br \/>\nway available, unless the Buyer expressly requires otherwise in writing. All shipments will be shipped freight and insurance prepaid and insured automatically at Buyer&#8217;s expense, unless the Buyer expressly requires otherwise in writing.[\/vc_column_text]<div class=\"divider-wrap\" data-alignment=\"default\"><div style=\"height: 40px;\" class=\"divider\"><\/div><\/div>[vc_column_text]<strong>7. QUANTITY VARIATION <\/strong><\/p>\n<p>While WECO will make every effort to manufacture and supply the quantity of products ordered, WECO reserves the right to supply over-makes up to 10% with the order and to consider an order complete if it is an under-make of up to 10%.[\/vc_column_text]<div class=\"divider-wrap\" data-alignment=\"default\"><div style=\"height: 40px;\" class=\"divider\"><\/div><\/div>[vc_column_text]<strong>8. FORCE MAJEURE<\/strong><\/p>\n<p>Deliveries may be totally or partially suspended by WECO during any period in which it may be prevented or hindered from manufacturing, supplying or delivering the products by any circumstances within the normal meaning of the expression \u00abforce majeure\u00bb or by any other circumstances not within the control of WECO, including, but not limited to unavailability of raw materials, strikes and other labour disruptions. WECO will not be responsible for any damages suffered by the Buyer resulting from such suspensions.[\/vc_column_text]<div class=\"divider-wrap\" data-alignment=\"default\"><div style=\"height: 40px;\" class=\"divider\"><\/div><\/div>[vc_column_text]<strong>9. NOTIFICATION OF DAMAGE OR LOSS OF PRODUCTS<\/strong><\/p>\n<p>The Buyer must advise WECO in writing of any damages to products within fourteen (14) days of the delivery of the shipment or partial shipment or within fourteen (14) days of receipt of WECO&#8217;s shipping advice in case of non receipt or partial loss, otherwise WECO will not be responsible for any such damage or loss. The Buyer may use the \u00abWECO Action Request\u00bb form, a copy of which is available through WECO&#8217;s customer service department.[\/vc_column_text]<div class=\"divider-wrap\" data-alignment=\"default\"><div style=\"height: 40px;\" class=\"divider\"><\/div><\/div>[vc_column_text]<strong>10. DEFECTIVE PRODUCTS<\/strong><\/p>\n<p>If the products are shown not to have corresponded at the time of delivery to the usual standard or quality supplied by WECO, WECO will exchange such products or, at its option, refund the purchase price provided WECO is notified of same within one hundred twenty (120) days of delivery of the products.[\/vc_column_text]<div class=\"divider-wrap\" data-alignment=\"default\"><div style=\"height: 40px;\" class=\"divider\"><\/div><\/div>[vc_column_text]<strong>11. LIMITATION OF LIABILITY<\/strong><\/p>\n<p>WECO shall not be liable for any expenditure or consequential damage or loss (including loss of profit) or for any other damage or loss of any material whatsoever, whether consequential or not, and whether incurred or suffered by the Buyer or any third party. The provisions contained herein with respect to warranty and limitation of liability shall be binding upon the Buyer and the end-users of the products.[\/vc_column_text]<div class=\"divider-wrap\" data-alignment=\"default\"><div style=\"height: 40px;\" class=\"divider\"><\/div><\/div>[vc_column_text]<strong>12. LIMITED WARRANTY<\/strong><\/p>\n<p>WECO unconditionally guarantees its products from all defects in design, manufacture and workmanship under normal conditions for a period of twelve (12) months from the date of WECO&#8217;s invoice, provided however that the products are used in accordance with their specifications. All warranties cease to be effective if the products are altered or repaired other than by persons authorized or approved by WECO to perform such work.[\/vc_column_text]<div class=\"divider-wrap\" data-alignment=\"default\"><div style=\"height: 40px;\" class=\"divider\"><\/div><\/div>[vc_column_text]<strong>13. PAYMENT<\/strong><\/p>\n<p>Payment terms are net cash within thirty (30) days of date of invoice unless otherwise agreed to in writing. Notwithstanding the above, WECO may require full or partial payment in advance before proceeding with the delivery. Amounts owing by the Buyer which are overdue shall be subject to interest at<br \/>\nthe rate of 18% per annum. Deductions from any invoice will not be allowed unless authorized by WECO in writing.[\/vc_column_text]<div class=\"divider-wrap\" data-alignment=\"default\"><div style=\"height: 40px;\" class=\"divider\"><\/div><\/div>[vc_column_text]<strong>14. RETENTION OF TITLE<\/strong><\/p>\n<p>Until paid for in full by the Buyer, all products sold by WECO shall remain the absolute property of WECO regardless of partial payments therefore. WECO retains ownership title and user rights without restrictions for all blueprints and relevant documentation, which may only be made accessible to third<br \/>\nparties with WECO&#8217;s prior consent. The Buyer will be fully or partially charged, should special tools be required for the execution of an order. These tools remain WECO&#8217;s property and in WECO&#8217;s title. Invoices for tools are not discountable and due at once[\/vc_column_text]<div class=\"divider-wrap\" data-alignment=\"default\"><div style=\"height: 40px;\" class=\"divider\"><\/div><\/div>[vc_column_text]<strong>15. RETURN OF PRODUCTS<\/strong><\/p>\n<p>Products may only be returned with WECO&#8217;s written permission and in conformity with WECO&#8217;s Return Material Authorization Policy, a copy of which is available upon request.<br \/>\nOnly products currently manufactured and regularly carried in stock by WECO (standard items) will be considered for return.[\/vc_column_text]<div class=\"divider-wrap\" data-alignment=\"default\"><div style=\"height: 40px;\" class=\"divider\"><\/div><\/div>[vc_column_text]<strong>16. SEVERABILITY<\/strong><\/p>\n<p>If any of the present conditions of sale shall be held to be invalid, illegal or unenforceable, the validity, legality and enforceability of the remaining provisions shall not in any way be affected or impaired thereby. WECO may at any time alter, amend, replace or modify any of the terms or conditions herein<br \/>\ncontained.[\/vc_column_text]<div class=\"divider-wrap\" data-alignment=\"default\"><div style=\"height: 40px;\" class=\"divider\"><\/div><\/div>[vc_column_text]<strong>17. GOVERNING LAW<\/strong><\/p>\n<p>The laws of the Province of Qu\u00e9bec and Canada shall govern the sales by WECO of any of its products to the Customer.[\/vc_column_text]<div class=\"divider-wrap\" data-alignment=\"default\"><div style=\"height: 40px;\" class=\"divider\"><\/div><\/div>[\/vc_column][\/vc_row]\n","protected":false},"excerpt":{"rendered":"<p>[vc_row type=\u00bbfull_width_background\u00bb full_screen_row_position=\u00bbmiddle\u00bb bg_image=\u00bb41213&#8243; bg_position=\u00bbcenter center\u00bb bg_repeat=\u00bbno-repeat\u00bb scene_position=\u00bbcenter\u00bb text_color=\u00bbdark\u00bb text_align=\u00bbleft\u00bb class=\u00bbnewsBanner\u00bb overlay_strength=\u00bb0.3&#8243; shape_divider_position=\u00bbbottom\u00bb bg_image_animation=\u00bbnone\u00bb shape_type=\u00bb\u00bb][vc_column column_padding=\u00bbno-extra-padding\u00bb column_padding_position=\u00bball\u00bb background_color_opacity=\u00bb1&#8243; background_hover_color_opacity=\u00bb1&#8243; column_link_target=\u00bb_self\u00bb column_shadow=\u00bbnone\u00bb column_border_radius=\u00bbnone\u00bb el_class=\u00bbinnerPageBanner\u00bb width=\u00bb1\/1&#8243; tablet_width_inherit=\u00bbdefault\u00bb tablet_text_alignment=\u00bbdefault\u00bb phone_text_alignment=\u00bbdefault\u00bb column_border_width=\u00bbnone\u00bb column_border_style=\u00bbsolid\u00bb bg_image_animation=\u00bbnone\u00bb][vc_column_text]&#8230;<\/p>\n","protected":false},"author":16,"featured_media":0,"parent":0,"menu_order":0,"comment_status":"closed","ping_status":"closed","template":"","meta":{"_monsterinsights_skip_tracking":false,"_monsterinsights_sitenote_active":false,"_monsterinsights_sitenote_note":"","_monsterinsights_sitenote_category":0,"footnotes":""},"class_list":["post-60396","page","type-page","status-publish"],"acf":[],"yoast_head":"<!-- This site is optimized with the Yoast SEO plugin v27.4 - https:\/\/yoast.com\/product\/yoast-seo-wordpress\/ -->\n<title>T\u00e9rminos y Condiciones - WECO Electrical Connectors<\/title>\n<meta name=\"description\" content=\"T\u00e9rminos y Condiciones - T\u00e9rminos y Condiciones\" \/>\n<meta name=\"robots\" content=\"index, follow, max-snippet:-1, max-image-preview:large, max-video-preview:-1\" \/>\n<link rel=\"canonical\" href=\"https:\/\/wecoconnectors.com\/es\/terminos-y-condiciones\/\" \/>\n<meta property=\"og:locale\" content=\"es_ES\" \/>\n<meta property=\"og:type\" content=\"article\" \/>\n<meta property=\"og:title\" content=\"T\u00e9rminos y Condiciones - WECO Electrical Connectors\" \/>\n<meta property=\"og:description\" content=\"T\u00e9rminos y Condiciones - T\u00e9rminos y Condiciones\" \/>\n<meta property=\"og:url\" content=\"https:\/\/wecoconnectors.com\/es\/terminos-y-condiciones\/\" \/>\n<meta property=\"og:site_name\" content=\"WECO Electrical Connectors\" \/>\n<meta property=\"article:modified_time\" content=\"2023-11-07T10:59:24+00:00\" \/>\n<meta property=\"og:image\" content=\"https:\/\/wecoconnectors.com\/wp-content\/uploads\/2021\/12\/weco-seo-new.jpg\" \/>\n\t<meta property=\"og:image:width\" content=\"971\" \/>\n\t<meta property=\"og:image:height\" content=\"509\" \/>\n\t<meta property=\"og:image:type\" content=\"image\/jpeg\" \/>\n<meta name=\"twitter:card\" content=\"summary_large_image\" \/>\n<meta name=\"twitter:label1\" content=\"Tiempo de lectura\" \/>\n\t<meta name=\"twitter:data1\" content=\"8 minutos\" \/>\n<script type=\"application\/ld+json\" class=\"yoast-schema-graph\">{\"@context\":\"https:\\\/\\\/schema.org\",\"@graph\":[{\"@type\":\"WebPage\",\"@id\":\"https:\\\/\\\/wecoconnectors.com\\\/es\\\/terminos-y-condiciones\\\/\",\"url\":\"https:\\\/\\\/wecoconnectors.com\\\/es\\\/terminos-y-condiciones\\\/\",\"name\":\"T\u00e9rminos y Condiciones - WECO Electrical Connectors\",\"isPartOf\":{\"@id\":\"https:\\\/\\\/wecoconnectors.com\\\/en\\\/#website\"},\"datePublished\":\"2023-11-07T10:59:20+00:00\",\"dateModified\":\"2023-11-07T10:59:24+00:00\",\"description\":\"T\u00e9rminos y Condiciones - T\u00e9rminos y Condiciones\",\"breadcrumb\":{\"@id\":\"https:\\\/\\\/wecoconnectors.com\\\/es\\\/terminos-y-condiciones\\\/#breadcrumb\"},\"inLanguage\":\"es\",\"potentialAction\":[{\"@type\":\"ReadAction\",\"target\":[\"https:\\\/\\\/wecoconnectors.com\\\/es\\\/terminos-y-condiciones\\\/\"]}]},{\"@type\":\"BreadcrumbList\",\"@id\":\"https:\\\/\\\/wecoconnectors.com\\\/es\\\/terminos-y-condiciones\\\/#breadcrumb\",\"itemListElement\":[{\"@type\":\"ListItem\",\"position\":1,\"name\":\"Home\",\"item\":\"https:\\\/\\\/wecoconnectors.com\\\/es\\\/\"},{\"@type\":\"ListItem\",\"position\":2,\"name\":\"T\u00e9rminos y Condiciones\"}]},{\"@type\":\"WebSite\",\"@id\":\"https:\\\/\\\/wecoconnectors.com\\\/en\\\/#website\",\"url\":\"https:\\\/\\\/wecoconnectors.com\\\/en\\\/\",\"name\":\"WECO Electrical Connectors\",\"description\":\"Connection without limits\",\"publisher\":{\"@id\":\"https:\\\/\\\/wecoconnectors.com\\\/en\\\/#organization\"},\"potentialAction\":[{\"@type\":\"SearchAction\",\"target\":{\"@type\":\"EntryPoint\",\"urlTemplate\":\"https:\\\/\\\/wecoconnectors.com\\\/en\\\/?s={search_term_string}\"},\"query-input\":{\"@type\":\"PropertyValueSpecification\",\"valueRequired\":true,\"valueName\":\"search_term_string\"}}],\"inLanguage\":\"es\"},{\"@type\":\"Organization\",\"@id\":\"https:\\\/\\\/wecoconnectors.com\\\/en\\\/#organization\",\"name\":\"WECO Electrical Connectors\",\"url\":\"https:\\\/\\\/wecoconnectors.com\\\/en\\\/\",\"logo\":{\"@type\":\"ImageObject\",\"inLanguage\":\"es\",\"@id\":\"https:\\\/\\\/wecoconnectors.com\\\/en\\\/#\\\/schema\\\/logo\\\/image\\\/\",\"url\":\"https:\\\/\\\/wecoconnectors.com\\\/wp-content\\\/uploads\\\/2021\\\/12\\\/weco-seo-new.jpg\",\"contentUrl\":\"https:\\\/\\\/wecoconnectors.com\\\/wp-content\\\/uploads\\\/2021\\\/12\\\/weco-seo-new.jpg\",\"width\":971,\"height\":509,\"caption\":\"WECO Electrical Connectors\"},\"image\":{\"@id\":\"https:\\\/\\\/wecoconnectors.com\\\/en\\\/#\\\/schema\\\/logo\\\/image\\\/\"}}]}<\/script>\n<!-- \/ Yoast SEO plugin. -->","yoast_head_json":{"title":"T\u00e9rminos y Condiciones - WECO Electrical Connectors","description":"T\u00e9rminos y Condiciones - T\u00e9rminos y Condiciones","robots":{"index":"index","follow":"follow","max-snippet":"max-snippet:-1","max-image-preview":"max-image-preview:large","max-video-preview":"max-video-preview:-1"},"canonical":"https:\/\/wecoconnectors.com\/es\/terminos-y-condiciones\/","og_locale":"es_ES","og_type":"article","og_title":"T\u00e9rminos y Condiciones - WECO Electrical Connectors","og_description":"T\u00e9rminos y Condiciones - T\u00e9rminos y Condiciones","og_url":"https:\/\/wecoconnectors.com\/es\/terminos-y-condiciones\/","og_site_name":"WECO Electrical Connectors","article_modified_time":"2023-11-07T10:59:24+00:00","og_image":[{"width":971,"height":509,"url":"https:\/\/wecoconnectors.com\/wp-content\/uploads\/2021\/12\/weco-seo-new.jpg","type":"image\/jpeg"}],"twitter_card":"summary_large_image","twitter_misc":{"Tiempo de lectura":"8 minutos"},"schema":{"@context":"https:\/\/schema.org","@graph":[{"@type":"WebPage","@id":"https:\/\/wecoconnectors.com\/es\/terminos-y-condiciones\/","url":"https:\/\/wecoconnectors.com\/es\/terminos-y-condiciones\/","name":"T\u00e9rminos y Condiciones - WECO Electrical Connectors","isPartOf":{"@id":"https:\/\/wecoconnectors.com\/en\/#website"},"datePublished":"2023-11-07T10:59:20+00:00","dateModified":"2023-11-07T10:59:24+00:00","description":"T\u00e9rminos y Condiciones - T\u00e9rminos y Condiciones","breadcrumb":{"@id":"https:\/\/wecoconnectors.com\/es\/terminos-y-condiciones\/#breadcrumb"},"inLanguage":"es","potentialAction":[{"@type":"ReadAction","target":["https:\/\/wecoconnectors.com\/es\/terminos-y-condiciones\/"]}]},{"@type":"BreadcrumbList","@id":"https:\/\/wecoconnectors.com\/es\/terminos-y-condiciones\/#breadcrumb","itemListElement":[{"@type":"ListItem","position":1,"name":"Home","item":"https:\/\/wecoconnectors.com\/es\/"},{"@type":"ListItem","position":2,"name":"T\u00e9rminos y Condiciones"}]},{"@type":"WebSite","@id":"https:\/\/wecoconnectors.com\/en\/#website","url":"https:\/\/wecoconnectors.com\/en\/","name":"WECO Electrical Connectors","description":"Connection without limits","publisher":{"@id":"https:\/\/wecoconnectors.com\/en\/#organization"},"potentialAction":[{"@type":"SearchAction","target":{"@type":"EntryPoint","urlTemplate":"https:\/\/wecoconnectors.com\/en\/?s={search_term_string}"},"query-input":{"@type":"PropertyValueSpecification","valueRequired":true,"valueName":"search_term_string"}}],"inLanguage":"es"},{"@type":"Organization","@id":"https:\/\/wecoconnectors.com\/en\/#organization","name":"WECO Electrical Connectors","url":"https:\/\/wecoconnectors.com\/en\/","logo":{"@type":"ImageObject","inLanguage":"es","@id":"https:\/\/wecoconnectors.com\/en\/#\/schema\/logo\/image\/","url":"https:\/\/wecoconnectors.com\/wp-content\/uploads\/2021\/12\/weco-seo-new.jpg","contentUrl":"https:\/\/wecoconnectors.com\/wp-content\/uploads\/2021\/12\/weco-seo-new.jpg","width":971,"height":509,"caption":"WECO Electrical Connectors"},"image":{"@id":"https:\/\/wecoconnectors.com\/en\/#\/schema\/logo\/image\/"}}]}},"_links":{"self":[{"href":"https:\/\/wecoconnectors.com\/es\/wp-json\/wp\/v2\/pages\/60396","targetHints":{"allow":["GET"]}}],"collection":[{"href":"https:\/\/wecoconnectors.com\/es\/wp-json\/wp\/v2\/pages"}],"about":[{"href":"https:\/\/wecoconnectors.com\/es\/wp-json\/wp\/v2\/types\/page"}],"author":[{"embeddable":true,"href":"https:\/\/wecoconnectors.com\/es\/wp-json\/wp\/v2\/users\/16"}],"replies":[{"embeddable":true,"href":"https:\/\/wecoconnectors.com\/es\/wp-json\/wp\/v2\/comments?post=60396"}],"version-history":[{"count":0,"href":"https:\/\/wecoconnectors.com\/es\/wp-json\/wp\/v2\/pages\/60396\/revisions"}],"wp:attachment":[{"href":"https:\/\/wecoconnectors.com\/es\/wp-json\/wp\/v2\/media?parent=60396"}],"curies":[{"name":"wp","href":"https:\/\/api.w.org\/{rel}","templated":true}]}}