{"id":35469,"date":"2019-04-17T00:00:00","date_gmt":"2019-04-17T04:00:00","guid":{"rendered":"https:\/\/wecodv.wpenginepowered.com\/latin-america\/"},"modified":"2019-04-17T00:00:00","modified_gmt":"2019-04-17T04:00:00","slug":"latin-america","status":"publish","type":"page","link":"https:\/\/wecoconnectors.com\/fr\/latin-america\/","title":{"rendered":"Am\u00e9rique latine"},"content":{"rendered":"[vc_row type=\u00a0\u00bbfull_width_background\u00a0\u00bb full_screen_row_position=\u00a0\u00bbmiddle\u00a0\u00bb scene_position=\u00a0\u00bbcenter\u00a0\u00bb text_color=\u00a0\u00bbdark\u00a0\u00bb text_align=\u00a0\u00bbleft\u00a0\u00bb overlay_strength=\u00a0\u00bb0.3&Prime; shape_divider_position=\u00a0\u00bbbottom\u00a0\u00bb bg_image_animation=\u00a0\u00bbnone\u00a0\u00bb shape_type=\u00a0\u00bb\u00a0\u00bb][vc_column column_padding=\u00a0\u00bbno-extra-padding\u00a0\u00bb column_padding_position=\u00a0\u00bball\u00a0\u00bb background_color_opacity=\u00a0\u00bb1&Prime; background_hover_color_opacity=\u00a0\u00bb1&Prime; column_link_target=\u00a0\u00bb_self\u00a0\u00bb column_shadow=\u00a0\u00bbnone\u00a0\u00bb column_border_radius=\u00a0\u00bbnone\u00a0\u00bb width=\u00a0\u00bb1\/1&Prime; tablet_width_inherit=\u00a0\u00bbdefault\u00a0\u00bb tablet_text_alignment=\u00a0\u00bbdefault\u00a0\u00bb phone_text_alignment=\u00a0\u00bbdefault\u00a0\u00bb column_border_width=\u00a0\u00bbnone\u00a0\u00bb column_border_style=\u00a0\u00bbsolid\u00a0\u00bb bg_image_animation=\u00a0\u00bbnone\u00a0\u00bb]<div class=\"toggles \" data-style=\"default\"><div class=\"toggle accent-color\"><h3><a href=\"#\"><i class=\"icon-plus-sign\"><\/i>Argentina<\/a><\/h3><div>[vc_column_text]<b>WECO Contact:<\/b>\u00a0<a href=\"mailto:csanchez@wecoconnectors.com\">Carlos Sanchez<\/a>[\/vc_column_text][vc_column_text][\/vc_column_text]<\/div><\/div><div class=\"toggle accent-color\"><h3><a href=\"#\"><i class=\"icon-plus-sign\"><\/i>Belize<\/a><\/h3><div>[vc_column_text]<b>WECO Contact:<\/b>\u00a0<a href=\"mailto:csanchez@wecoconnectors.com\">Carlos Sanchez<\/a>[\/vc_column_text][vc_column_text][\/vc_column_text]<\/div><\/div><div class=\"toggle accent-color\"><h3><a href=\"#\"><i class=\"icon-plus-sign\"><\/i>Bolivia<\/a><\/h3><div>[vc_column_text]<b>WECO Contact:<\/b> <a href=\"mailto:csanchez@wecoconnectors.com\">Carlos Sanchez<\/a>[\/vc_column_text][vc_column_text][\/vc_column_text]<\/div><\/div><div class=\"toggle accent-color\"><h3><a href=\"#\"><i class=\"icon-plus-sign\"><\/i>Brazil<\/a><\/h3><div>[vc_column_text]<b>Distributor<br \/>\n01-WECO do Brasil Ltda.<\/b><br \/>\nBR 116, 12.757 &#8211; Curitiba- PR CEP 81.690-200<br \/>\n<b>Tel:<\/b> (41) 3278-9720<br \/>\n<b>Email:<\/b> <a href=\"mailto:vendas@weco.com.br\">vendas@weco.com.br<\/a><\/p>\n<p><b>Distributor<br \/>\n02-Future Electronics do Brazil Ltda<\/b><br \/>\nRua Luzitana,740,10 Andar,Conjuntos 103\/104 Centro Campinas S\u00e3o Paulo 13015-121<br \/>\n<b>Tel:<\/b> 55 19 3737 4100<br \/>\n<b>Fax:<\/b> 55 19 3236 9834<br \/>\n<b>Email:<\/b> <a href=\"mailto:futurebr@nutecnet.com.br\">futurebr@nutecnet.com.br<\/a><\/p>\n<p><b>Distributor<br \/>\n03-Future Electronics do Brazil Ltda<\/b><br \/>\nAvenida Magalh\u00e3es de Castro, 4800, Suite 22B, Tower 1, Capital Building, Cidade Jardim Corporate Center, S\u00e3o Paulo City, S\u00e3o Paulo 05676-120<br \/>\n<b>Tel:<\/b> 55 11 3750 2711<br \/>\n<b>Fax:<\/b> 55 11 3755 1016[\/vc_column_text][vc_column_text][\/vc_column_text]<\/div><\/div><div class=\"toggle accent-color\"><h3><a href=\"#\"><i class=\"icon-plus-sign\"><\/i>Chile<\/a><\/h3><div>[vc_column_text]<b>WECO Contact:<\/b> <a href=\"mailto:csanchez@wecoconnectors.com\">Carlos Sanchez<\/a>[\/vc_column_text][vc_column_text][\/vc_column_text]<\/div><\/div><div class=\"toggle accent-color\"><h3><a href=\"#\"><i class=\"icon-plus-sign\"><\/i>Colombia<\/a><\/h3><div>[vc_column_text]<b>WECO Contact:<\/b> <a href=\"mailto:csanchez@wecoconnectors.com\">Carlos Sanchez<\/a><\/p>\n<p><b>Sales Representative<br \/>\nMetalandes S.A.<\/b><br \/>\nCra 53 No.29 C 73 U.I.C. A.A. 3774 Medellin, Columbia<br \/>\n<b>Tel:<\/b> (57) 235-00-28<br \/>\n<b>Fax:<\/b> (57) 235-59-88<br \/>\n<b>Email:<\/b> <a href=\"mailto:metalandes@epm.net.co\">metalandes@epm.net.co<\/a><br \/>\n<b>Web Site:<\/b> <a href=\"http:\/\/www.metal.andes.com\" target=\"_blank\" rel=\"noopener noreferrer\">www.metal.andes.com<\/a>[\/vc_column_text][vc_column_text][\/vc_column_text]<\/div><\/div><div class=\"toggle accent-color\"><h3><a href=\"#\"><i class=\"icon-plus-sign\"><\/i>Costa Rica<\/a><\/h3><div>[vc_column_text]<b>WECO Contact:<\/b> <a href=\"mailto:csanchez@wecoconnectors.com\">Carlos Sanchez<\/a>[\/vc_column_text][vc_column_text][\/vc_column_text]<\/div><\/div><div class=\"toggle accent-color\"><h3><a href=\"#\"><i class=\"icon-plus-sign\"><\/i>Cuba<\/a><\/h3><div>[vc_column_text]<b>WECO Contact:<\/b> <a href=\"mailto:csanchez@wecoconnectors.com\">Carlos Sanchez<\/a>[\/vc_column_text][vc_column_text][\/vc_column_text]<\/div><\/div><div class=\"toggle accent-color\"><h3><a href=\"#\"><i class=\"icon-plus-sign\"><\/i>Dominican Republic<\/a><\/h3><div>[vc_column_text]<b>WECO Contact:<\/b> <a href=\"mailto:csanchez@wecoconnectors.com\">Carlos Sanchez<\/a>[\/vc_column_text][vc_column_text][\/vc_column_text]<\/div><\/div><div class=\"toggle accent-color\"><h3><a href=\"#\"><i class=\"icon-plus-sign\"><\/i>El Salvador<\/a><\/h3><div>[vc_column_text]<b>WECO Contact:<\/b> <a href=\"mailto:csanchez@wecoconnectors.com\">Carlos Sanchez<\/a>[\/vc_column_text][vc_column_text][\/vc_column_text]<\/div><\/div><div class=\"toggle accent-color\"><h3><a href=\"#\"><i class=\"icon-plus-sign\"><\/i>Equador<\/a><\/h3><div>[vc_column_text]<b>WECO Contact:<\/b> <a href=\"mailto:csanchez@wecoconnectors.com\">Carlos Sanchez<\/a>[\/vc_column_text][vc_column_text][\/vc_column_text]<\/div><\/div><div class=\"toggle accent-color\"><h3><a href=\"#\"><i class=\"icon-plus-sign\"><\/i>French Guiana<\/a><\/h3><div>[vc_column_text]<b>WECO Contact:<\/b> <a href=\"mailto:csanchez@wecoconnectors.com\">Carlos Sanchez<\/a>[\/vc_column_text][vc_column_text][\/vc_column_text]<\/div><\/div><div class=\"toggle accent-color\"><h3><a href=\"#\"><i class=\"icon-plus-sign\"><\/i>Guatemala<\/a><\/h3><div>[vc_column_text]<b>WECO Contact:<\/b> <a href=\"mailto:csanchez@wecoconnectors.com\">Carlos Sanchez<\/a>[\/vc_column_text][vc_column_text][\/vc_column_text]<\/div><\/div><div class=\"toggle accent-color\"><h3><a href=\"#\"><i class=\"icon-plus-sign\"><\/i>Guyana<\/a><\/h3><div>[vc_column_text]<b>WECO Contact:<\/b> <a href=\"mailto:csanchez@wecoconnectors.com\">Carlos Sanchez<\/a>[\/vc_column_text][vc_column_text][\/vc_column_text]<\/div><\/div><div class=\"toggle accent-color\"><h3><a href=\"#\"><i class=\"icon-plus-sign\"><\/i>Honduras<\/a><\/h3><div>[vc_column_text]<b>WECO Contact:<\/b> <a href=\"mailto:csanchez@wecoconnectors.com\">Carlos Sanchez<\/a>[\/vc_column_text][vc_column_text][\/vc_column_text]<\/div><\/div><div class=\"toggle accent-color\"><h3><a href=\"#\"><i class=\"icon-plus-sign\"><\/i>Jamaica<\/a><\/h3><div>[vc_column_text]<b>WECO Contact:<\/b> <a href=\"mailto:csanchez@wecoconnectors.com\">Carlos Sanchez<\/a>[\/vc_column_text][vc_column_text][\/vc_column_text]<\/div><\/div><div class=\"toggle accent-color\"><h3><a href=\"#\"><i class=\"icon-plus-sign\"><\/i>Mexico<\/a><\/h3><div>[vc_column_text]<b>WECO Contact:<\/b> <a href=\"mailto:csanchez@wecoconnectors.com\">Carlos Sanchez<\/a><\/p>\n<p><b>Distributor<br \/>\nFuture Electronics<\/b><br \/>\nChimalhuac\u00e1n 3569 PISO 2 Zapopan Jalisco 45050<br \/>\n<b>Tel:<\/b> +52 33 3122 0043<br \/>\n<b>Fax:<\/b> +52 33 3122 1066<br \/>\n<b>Email:<\/b> <a href=\"mailto:future.guadalajara@future.ca\">future.guadalajara@future.ca<\/a><br \/>\n<b>Web Site:<\/b> <a href=\"http:\/\/www.future.ca\" target=\"_blank\" rel=\"noopener noreferrer\">www.future.ca<\/a><\/p>\n<p><b>Distributor<br \/>\nFuture Electronics<\/b><br \/>\nRio Aguanaval #2206 Local 11 Col. Roma Monterrey Nuevo Leon 64700<br \/>\n<b>Tel:<\/b> +52 81 8881 0024<br \/>\n<b>Fax:<\/b> +52 81 1234 2885<br \/>\n<b>Web Site:<\/b> <a href=\"http:\/\/www.future.ca\" target=\"_blank\" rel=\"noopener noreferrer\">www.future.ca<\/a><\/p>\n<p><b>Distributor<br \/>\nFuture Electronics<\/b><br \/>\nCarretera Mexico-Toluca No 5420 Piso 3 Oficina 303 Col. El Yaqui Delegacion Cuajimalpa Distrito Federal 05320<br \/>\n<b>Tel:<\/b> +52 55 4040 0002<br \/>\n<b>Fax:<\/b> +52 55 2232 7907<\/p>\n<p><b>Distributor<br \/>\nRadio Surtidora S.A.<\/b><br \/>\nL\u00f3pez 28 Locales 1 y 2 M\u00e9xico D.F. 06050 M\u00e9xico<br \/>\n<b>Tel:<\/b> (5) 512-7456\/7166<br \/>\n<b>Fax:<\/b> (5) 518-5756<br \/>\n<b>Email:<\/b> <a href=\"mailto:radiosur@mpsnet.com.mx\">radiosur@mpsnet.com.mx<\/a><br \/>\n<b>Web Site:<\/b> <a href=\"http:\/\/www.radiosurtidora.com\" target=\"_blank\" rel=\"noopener noreferrer\">www.radiosurtidora.com<\/a>[\/vc_column_text][vc_column_text][\/vc_column_text]<\/div><\/div><div class=\"toggle accent-color\"><h3><a href=\"#\"><i class=\"icon-plus-sign\"><\/i>Nicaragua<\/a><\/h3><div>[vc_column_text]<b>WECO Contact:<\/b> <a href=\"mailto:csanchez@wecoconnectors.com\">Carlos Sanchez<\/a>[\/vc_column_text][vc_column_text][\/vc_column_text]<\/div><\/div><div class=\"toggle accent-color\"><h3><a href=\"#\"><i class=\"icon-plus-sign\"><\/i>Panama<\/a><\/h3><div>[vc_column_text]<b>WECO Contact:<\/b> <a href=\"mailto:csanchez@wecoconnectors.com\">Carlos Sanchez<\/a><\/p>\n<p><b>Sales Representative<br \/>\nR.C. Teisa, S.A.<\/b><br \/>\nVia Espa\u00f1a 156, Edificio Pino. Carrasquilla, (Frente a la Estacion Texaco), Panam\u00e1, PN Panam\u00e1<br \/>\n<b>Tel:<\/b> (507) 229-2551<br \/>\n<b>Fax:<\/b> (507) 261-0881<br \/>\n<b>Email:<\/b> <a href=\"mailto:sotelo@sinfo.net\">sotelo@sinfo.net<\/a>[\/vc_column_text][vc_column_text][\/vc_column_text]<\/div><\/div><div class=\"toggle accent-color\"><h3><a href=\"#\"><i class=\"icon-plus-sign\"><\/i>Paraguay<\/a><\/h3><div>[vc_column_text]<b>WECO Contact:<\/b> <a href=\"mailto:csanchez@wecoconnectors.com\">Carlos Sanchez<\/a>[\/vc_column_text][vc_column_text][\/vc_column_text]<\/div><\/div><div class=\"toggle accent-color\"><h3><a href=\"#\"><i class=\"icon-plus-sign\"><\/i>Peru<\/a><\/h3><div>[vc_column_text]<b>WECO Contact:<\/b> <a href=\"mailto:csanchez@wecoconnectors.com\">Carlos Sanchez<\/a>[\/vc_column_text][vc_column_text][\/vc_column_text]<\/div><\/div><div class=\"toggle accent-color\"><h3><a href=\"#\"><i class=\"icon-plus-sign\"><\/i>Puerto Rico<\/a><\/h3><div>[vc_column_text]<b>WECO Contact:<\/b> <a href=\"mailto:csanchez@wecoconnectors.com\">Carlos Sanchez<\/a><\/p>\n<p><b>Distributor<br \/>\nFuture Electronics<\/b><br \/>\nFloricentro Building Bo. Algarrobo 4248 Carr. #2 Vega Baja Puerto Rico 00693<br \/>\n<b>Tel:<\/b> (787) 360-5501<br \/>\n<b>Fax:<\/b> (514) 630-2699[\/vc_column_text][vc_column_text][\/vc_column_text]<\/div><\/div><div class=\"toggle accent-color\"><h3><a href=\"#\"><i class=\"icon-plus-sign\"><\/i>Suriname<\/a><\/h3><div>[vc_column_text]<b>WECO Contact:<\/b> <a href=\"mailto:csanchez@wecoconnectors.com\">Carlos Sanchez<\/a>[\/vc_column_text][vc_column_text][\/vc_column_text]<\/div><\/div><div class=\"toggle accent-color\"><h3><a href=\"#\"><i class=\"icon-plus-sign\"><\/i>Uruguay<\/a><\/h3><div>[vc_column_text]<b>WECO Contact:<\/b> <a href=\"mailto:csanchez@wecoconnectors.com\">Carlos Sanchez<\/a>[\/vc_column_text][vc_column_text][\/vc_column_text]<\/div><\/div><div class=\"toggle accent-color\"><h3><a href=\"#\"><i class=\"icon-plus-sign\"><\/i>Venezuela<\/a><\/h3><div>[vc_column_text]<b>WECO Contact:<\/b> <a href=\"mailto:csanchez@wecoconnectors.com\">Carlos Sanchez<\/a>[\/vc_column_text][vc_column_text][\/vc_column_text]<\/div><\/div><\/div>[\/vc_column][\/vc_row]\n","protected":false},"excerpt":{"rendered":"<p>[vc_row type=\u00a0\u00bbfull_width_background\u00a0\u00bb full_screen_row_position=\u00a0\u00bbmiddle\u00a0\u00bb scene_position=\u00a0\u00bbcenter\u00a0\u00bb text_color=\u00a0\u00bbdark\u00a0\u00bb text_align=\u00a0\u00bbleft\u00a0\u00bb overlay_strength=\u00a0\u00bb0.3&Prime; shape_divider_position=\u00a0\u00bbbottom\u00a0\u00bb bg_image_animation=\u00a0\u00bbnone\u00a0\u00bb shape_type=\u00a0\u00bb\u00a0\u00bb][vc_column column_padding=\u00a0\u00bbno-extra-padding\u00a0\u00bb column_padding_position=\u00a0\u00bball\u00a0\u00bb background_color_opacity=\u00a0\u00bb1&Prime; background_hover_color_opacity=\u00a0\u00bb1&Prime; column_link_target=\u00a0\u00bb_self\u00a0\u00bb column_shadow=\u00a0\u00bbnone\u00a0\u00bb column_border_radius=\u00a0\u00bbnone\u00a0\u00bb width=\u00a0\u00bb1\/1&Prime; tablet_width_inherit=\u00a0\u00bbdefault\u00a0\u00bb tablet_text_alignment=\u00a0\u00bbdefault\u00a0\u00bb phone_text_alignment=\u00a0\u00bbdefault\u00a0\u00bb column_border_width=\u00a0\u00bbnone\u00a0\u00bb column_border_style=\u00a0\u00bbsolid\u00a0\u00bb bg_image_animation=\u00a0\u00bbnone\u00a0\u00bb][\/vc_column][\/vc_row]<\/p>\n","protected":false},"author":3,"featured_media":0,"parent":0,"menu_order":0,"comment_status":"open","ping_status":"open","template":"","meta":{"_monsterinsights_skip_tracking":false,"_monsterinsights_sitenote_active":false,"_monsterinsights_sitenote_note":"","_monsterinsights_sitenote_category":0,"footnotes":""},"class_list":["post-35469","page","type-page","status-publish"],"acf":[],"yoast_head":"<!-- This site is optimized with the Yoast SEO plugin v26.7 - https:\/\/yoast.com\/wordpress\/plugins\/seo\/ -->\n<title>Am\u00e9rique latine - WECO Electrical Connectors<\/title>\n<meta name=\"description\" content=\"Am\u00e9rique latine - Am\u00e9rique latine\" \/>\n<meta name=\"robots\" content=\"index, follow, max-snippet:-1, max-image-preview:large, max-video-preview:-1\" \/>\n<link rel=\"canonical\" href=\"https:\/\/wecoconnectors.com\/fr\/latin-america\/\" \/>\n<meta property=\"og:locale\" content=\"fr_FR\" \/>\n<meta property=\"og:type\" content=\"article\" \/>\n<meta property=\"og:title\" content=\"Am\u00e9rique latine - WECO Electrical Connectors\" \/>\n<meta property=\"og:description\" content=\"Am\u00e9rique latine - Am\u00e9rique latine\" \/>\n<meta property=\"og:url\" content=\"https:\/\/wecoconnectors.com\/fr\/latin-america\/\" \/>\n<meta property=\"og:site_name\" content=\"WECO Electrical Connectors\" \/>\n<meta property=\"og:image\" content=\"https:\/\/wecoconnectors.com\/wp-content\/uploads\/2021\/12\/weco-seo-new.jpg\" \/>\n\t<meta property=\"og:image:width\" content=\"971\" \/>\n\t<meta property=\"og:image:height\" content=\"509\" \/>\n\t<meta property=\"og:image:type\" content=\"image\/jpeg\" \/>\n<meta name=\"twitter:card\" content=\"summary_large_image\" \/>\n<meta name=\"twitter:label1\" content=\"Dur\u00e9e de lecture estim\u00e9e\" \/>\n\t<meta name=\"twitter:data1\" content=\"4 minutes\" \/>\n<script type=\"application\/ld+json\" class=\"yoast-schema-graph\">{\"@context\":\"https:\/\/schema.org\",\"@graph\":[{\"@type\":\"WebPage\",\"@id\":\"https:\/\/wecoconnectors.com\/fr\/latin-america\/\",\"url\":\"https:\/\/wecoconnectors.com\/fr\/latin-america\/\",\"name\":\"Am\u00e9rique latine - WECO Electrical Connectors\",\"isPartOf\":{\"@id\":\"https:\/\/wecoconnectors.com\/en\/#website\"},\"datePublished\":\"2019-04-17T04:00:00+00:00\",\"description\":\"Am\u00e9rique latine - Am\u00e9rique latine\",\"breadcrumb\":{\"@id\":\"https:\/\/wecoconnectors.com\/fr\/latin-america\/#breadcrumb\"},\"inLanguage\":\"fr-FR\",\"potentialAction\":[{\"@type\":\"ReadAction\",\"target\":[\"https:\/\/wecoconnectors.com\/fr\/latin-america\/\"]}]},{\"@type\":\"BreadcrumbList\",\"@id\":\"https:\/\/wecoconnectors.com\/fr\/latin-america\/#breadcrumb\",\"itemListElement\":[{\"@type\":\"ListItem\",\"position\":1,\"name\":\"Home\",\"item\":\"https:\/\/wecoconnectors.com\/fr\/\"},{\"@type\":\"ListItem\",\"position\":2,\"name\":\"Am\u00e9rique latine\"}]},{\"@type\":\"WebSite\",\"@id\":\"https:\/\/wecoconnectors.com\/en\/#website\",\"url\":\"https:\/\/wecoconnectors.com\/en\/\",\"name\":\"WECO Electrical Connectors\",\"description\":\"Connection without limits\",\"publisher\":{\"@id\":\"https:\/\/wecoconnectors.com\/en\/#organization\"},\"potentialAction\":[{\"@type\":\"SearchAction\",\"target\":{\"@type\":\"EntryPoint\",\"urlTemplate\":\"https:\/\/wecoconnectors.com\/en\/?s={search_term_string}\"},\"query-input\":{\"@type\":\"PropertyValueSpecification\",\"valueRequired\":true,\"valueName\":\"search_term_string\"}}],\"inLanguage\":\"fr-FR\"},{\"@type\":\"Organization\",\"@id\":\"https:\/\/wecoconnectors.com\/en\/#organization\",\"name\":\"WECO Electrical Connectors\",\"url\":\"https:\/\/wecoconnectors.com\/en\/\",\"logo\":{\"@type\":\"ImageObject\",\"inLanguage\":\"fr-FR\",\"@id\":\"https:\/\/wecoconnectors.com\/en\/#\/schema\/logo\/image\/\",\"url\":\"https:\/\/wecoconnectors.com\/wp-content\/uploads\/2021\/12\/weco-seo-new.jpg\",\"contentUrl\":\"https:\/\/wecoconnectors.com\/wp-content\/uploads\/2021\/12\/weco-seo-new.jpg\",\"width\":971,\"height\":509,\"caption\":\"WECO Electrical Connectors\"},\"image\":{\"@id\":\"https:\/\/wecoconnectors.com\/en\/#\/schema\/logo\/image\/\"}}]}<\/script>\n<!-- \/ Yoast SEO plugin. -->","yoast_head_json":{"title":"Am\u00e9rique latine - WECO Electrical Connectors","description":"Am\u00e9rique latine - Am\u00e9rique latine","robots":{"index":"index","follow":"follow","max-snippet":"max-snippet:-1","max-image-preview":"max-image-preview:large","max-video-preview":"max-video-preview:-1"},"canonical":"https:\/\/wecoconnectors.com\/fr\/latin-america\/","og_locale":"fr_FR","og_type":"article","og_title":"Am\u00e9rique latine - WECO Electrical Connectors","og_description":"Am\u00e9rique latine - Am\u00e9rique latine","og_url":"https:\/\/wecoconnectors.com\/fr\/latin-america\/","og_site_name":"WECO Electrical Connectors","og_image":[{"width":971,"height":509,"url":"https:\/\/wecoconnectors.com\/wp-content\/uploads\/2021\/12\/weco-seo-new.jpg","type":"image\/jpeg"}],"twitter_card":"summary_large_image","twitter_misc":{"Dur\u00e9e de lecture estim\u00e9e":"4 minutes"},"schema":{"@context":"https:\/\/schema.org","@graph":[{"@type":"WebPage","@id":"https:\/\/wecoconnectors.com\/fr\/latin-america\/","url":"https:\/\/wecoconnectors.com\/fr\/latin-america\/","name":"Am\u00e9rique latine - WECO Electrical Connectors","isPartOf":{"@id":"https:\/\/wecoconnectors.com\/en\/#website"},"datePublished":"2019-04-17T04:00:00+00:00","description":"Am\u00e9rique latine - Am\u00e9rique latine","breadcrumb":{"@id":"https:\/\/wecoconnectors.com\/fr\/latin-america\/#breadcrumb"},"inLanguage":"fr-FR","potentialAction":[{"@type":"ReadAction","target":["https:\/\/wecoconnectors.com\/fr\/latin-america\/"]}]},{"@type":"BreadcrumbList","@id":"https:\/\/wecoconnectors.com\/fr\/latin-america\/#breadcrumb","itemListElement":[{"@type":"ListItem","position":1,"name":"Home","item":"https:\/\/wecoconnectors.com\/fr\/"},{"@type":"ListItem","position":2,"name":"Am\u00e9rique latine"}]},{"@type":"WebSite","@id":"https:\/\/wecoconnectors.com\/en\/#website","url":"https:\/\/wecoconnectors.com\/en\/","name":"WECO Electrical Connectors","description":"Connection without limits","publisher":{"@id":"https:\/\/wecoconnectors.com\/en\/#organization"},"potentialAction":[{"@type":"SearchAction","target":{"@type":"EntryPoint","urlTemplate":"https:\/\/wecoconnectors.com\/en\/?s={search_term_string}"},"query-input":{"@type":"PropertyValueSpecification","valueRequired":true,"valueName":"search_term_string"}}],"inLanguage":"fr-FR"},{"@type":"Organization","@id":"https:\/\/wecoconnectors.com\/en\/#organization","name":"WECO Electrical Connectors","url":"https:\/\/wecoconnectors.com\/en\/","logo":{"@type":"ImageObject","inLanguage":"fr-FR","@id":"https:\/\/wecoconnectors.com\/en\/#\/schema\/logo\/image\/","url":"https:\/\/wecoconnectors.com\/wp-content\/uploads\/2021\/12\/weco-seo-new.jpg","contentUrl":"https:\/\/wecoconnectors.com\/wp-content\/uploads\/2021\/12\/weco-seo-new.jpg","width":971,"height":509,"caption":"WECO Electrical Connectors"},"image":{"@id":"https:\/\/wecoconnectors.com\/en\/#\/schema\/logo\/image\/"}}]}},"_links":{"self":[{"href":"https:\/\/wecoconnectors.com\/fr\/wp-json\/wp\/v2\/pages\/35469","targetHints":{"allow":["GET"]}}],"collection":[{"href":"https:\/\/wecoconnectors.com\/fr\/wp-json\/wp\/v2\/pages"}],"about":[{"href":"https:\/\/wecoconnectors.com\/fr\/wp-json\/wp\/v2\/types\/page"}],"author":[{"embeddable":true,"href":"https:\/\/wecoconnectors.com\/fr\/wp-json\/wp\/v2\/users\/3"}],"replies":[{"embeddable":true,"href":"https:\/\/wecoconnectors.com\/fr\/wp-json\/wp\/v2\/comments?post=35469"}],"version-history":[{"count":0,"href":"https:\/\/wecoconnectors.com\/fr\/wp-json\/wp\/v2\/pages\/35469\/revisions"}],"wp:attachment":[{"href":"https:\/\/wecoconnectors.com\/fr\/wp-json\/wp\/v2\/media?parent=35469"}],"curies":[{"name":"wp","href":"https:\/\/api.w.org\/{rel}","templated":true}]}}