{"id":40528,"date":"2021-01-28T04:21:33","date_gmt":"2021-01-28T09:21:33","guid":{"rendered":"https:\/\/wecodv.wpenginepowered.com\/careers\/"},"modified":"2021-02-09T08:40:59","modified_gmt":"2021-02-09T13:40:59","slug":"careers","status":"publish","type":"page","link":"https:\/\/wecoconnectors.com\/pt-pt\/careers\/","title":{"rendered":"Carreiras"},"content":{"rendered":"[vc_row type=&#8221;full_width_background&#8221; full_screen_row_position=&#8221;middle&#8221; bg_image=&#8221;40608&#8243; bg_position=&#8221;left top&#8221; bg_repeat=&#8221;no-repeat&#8221; scene_position=&#8221;center&#8221; text_color=&#8221;dark&#8221; text_align=&#8221;left&#8221; class=&#8221;innerPageBanner&#8221; overlay_strength=&#8221;0.3&#8243; shape_divider_position=&#8221;bottom&#8221; bg_image_animation=&#8221;none&#8221; shape_type=&#8221;&#8221;][vc_column column_padding=&#8221;no-extra-padding&#8221; column_padding_position=&#8221;all&#8221; background_color_opacity=&#8221;1&#8243; background_hover_color_opacity=&#8221;1&#8243; column_link_target=&#8221;_self&#8221; column_shadow=&#8221;none&#8221; column_border_radius=&#8221;none&#8221; width=&#8221;1\/1&#8243; tablet_width_inherit=&#8221;default&#8221; tablet_text_alignment=&#8221;default&#8221; phone_text_alignment=&#8221;default&#8221; column_border_width=&#8221;none&#8221; column_border_style=&#8221;solid&#8221; bg_image_animation=&#8221;none&#8221;][vc_column_text]\n<h1>Oportunidades de carreira<\/h1>\n[\/vc_column_text][\/vc_column][\/vc_row][vc_row type=&#8221;in_container&#8221; full_screen_row_position=&#8221;middle&#8221; scene_position=&#8221;center&#8221; text_color=&#8221;dark&#8221; text_align=&#8221;left&#8221; overlay_strength=&#8221;0.3&#8243; shape_divider_position=&#8221;bottom&#8221; bg_image_animation=&#8221;none&#8221;][vc_column column_padding=&#8221;no-extra-padding&#8221; column_padding_position=&#8221;all&#8221; background_color_opacity=&#8221;1&#8243; background_hover_color_opacity=&#8221;1&#8243; column_link_target=&#8221;_self&#8221; column_shadow=&#8221;none&#8221; column_border_radius=&#8221;none&#8221; width=&#8221;1\/1&#8243; tablet_width_inherit=&#8221;default&#8221; tablet_text_alignment=&#8221;default&#8221; phone_text_alignment=&#8221;default&#8221; column_border_width=&#8221;none&#8221; column_border_style=&#8221;solid&#8221; bg_image_animation=&#8221;none&#8221;][vc_raw_html el_class=&#8221;wecocareer-main&#8221;]JTVCd2Vjby1jYXJlZXIlNUQ=[\/vc_raw_html][vc_column_text]\n<p style=\"text-align: center;\"><strong>Ainda n\u00e3o encontrou o emprego que procurava?<\/strong><br \/>\nA WECO est\u00e1 em cont\u00ednua expans\u00e3o, e sempre procurando indiv\u00edduos qualificados para se juntar \u00e0 nossa equipe.<br \/>\nSe voc\u00ea gosta de um bom desafio entre uma equipe excepcional de indiv\u00edduos talentosos e quer um ambiente onde sua experi\u00eancia e habilidades ser\u00e3o valorizadas, encaminhe seu CV para <a href=\"mailto:hresources@wecoconnectors.com\">hresources@wecoconnectors.com<\/a>.<\/p>\n[\/vc_column_text][\/vc_column][\/vc_row]\n","protected":false},"excerpt":{"rendered":"<p>[vc_row type=&#8221;full_width_background&#8221; full_screen_row_position=&#8221;middle&#8221; bg_image=&#8221;40608&#8243; bg_position=&#8221;left top&#8221; bg_repeat=&#8221;no-repeat&#8221; scene_position=&#8221;center&#8221; text_color=&#8221;dark&#8221; text_align=&#8221;left&#8221; class=&#8221;innerPageBanner&#8221; overlay_strength=&#8221;0.3&#8243; shape_divider_position=&#8221;bottom&#8221; bg_image_animation=&#8221;none&#8221; shape_type=&#8221;&#8221;][vc_column column_padding=&#8221;no-extra-padding&#8221; column_padding_position=&#8221;all&#8221; background_color_opacity=&#8221;1&#8243; background_hover_color_opacity=&#8221;1&#8243; column_link_target=&#8221;_self&#8221; column_shadow=&#8221;none&#8221; column_border_radius=&#8221;none&#8221; width=&#8221;1\/1&#8243; tablet_width_inherit=&#8221;default&#8221; tablet_text_alignment=&#8221;default&#8221; phone_text_alignment=&#8221;default&#8221; column_border_width=&#8221;none&#8221; column_border_style=&#8221;solid&#8221; bg_image_animation=&#8221;none&#8221;][vc_column_text] Oportunidades&#8230;<\/p>\n","protected":false},"author":8,"featured_media":0,"parent":0,"menu_order":0,"comment_status":"closed","ping_status":"closed","template":"","meta":{"_monsterinsights_skip_tracking":false,"_monsterinsights_sitenote_active":false,"_monsterinsights_sitenote_note":"","_monsterinsights_sitenote_category":0,"footnotes":""},"class_list":["post-40528","page","type-page","status-publish"],"acf":[],"yoast_head":"<!-- This site is optimized with the Yoast SEO plugin v27.5 - https:\/\/yoast.com\/product\/yoast-seo-wordpress\/ -->\n<title>Carreiras - WECO Electrical Connectors<\/title>\n<meta name=\"description\" content=\"Carreiras - Carreiras\" \/>\n<meta name=\"robots\" content=\"index, follow, max-snippet:-1, max-image-preview:large, max-video-preview:-1\" \/>\n<link rel=\"canonical\" href=\"https:\/\/wecoconnectors.com\/pt-pt\/careers\/\" \/>\n<meta property=\"og:locale\" content=\"pt_PT\" \/>\n<meta property=\"og:type\" content=\"article\" \/>\n<meta property=\"og:title\" content=\"Carreiras - WECO Electrical Connectors\" \/>\n<meta property=\"og:description\" content=\"Carreiras - Carreiras\" \/>\n<meta property=\"og:url\" content=\"https:\/\/wecoconnectors.com\/pt-pt\/careers\/\" \/>\n<meta property=\"og:site_name\" content=\"WECO Electrical Connectors\" \/>\n<meta property=\"article:modified_time\" content=\"2021-02-09T13:40:59+00:00\" \/>\n<meta property=\"og:image\" content=\"https:\/\/wecoconnectors.com\/wp-content\/uploads\/2021\/12\/weco-seo-new.jpg\" \/>\n\t<meta property=\"og:image:width\" content=\"971\" \/>\n\t<meta property=\"og:image:height\" content=\"509\" \/>\n\t<meta property=\"og:image:type\" content=\"image\/jpeg\" \/>\n<meta name=\"twitter:card\" content=\"summary_large_image\" \/>\n<meta name=\"twitter:label1\" content=\"Tempo estimado de leitura\" \/>\n\t<meta name=\"twitter:data1\" content=\"1 minuto\" \/>\n<script type=\"application\/ld+json\" class=\"yoast-schema-graph\">{\"@context\":\"https:\\\/\\\/schema.org\",\"@graph\":[{\"@type\":\"WebPage\",\"@id\":\"https:\\\/\\\/wecoconnectors.com\\\/pt-pt\\\/careers\\\/\",\"url\":\"https:\\\/\\\/wecoconnectors.com\\\/pt-pt\\\/careers\\\/\",\"name\":\"Carreiras - WECO Electrical Connectors\",\"isPartOf\":{\"@id\":\"https:\\\/\\\/wecoconnectors.com\\\/en\\\/#website\"},\"datePublished\":\"2021-01-28T09:21:33+00:00\",\"dateModified\":\"2021-02-09T13:40:59+00:00\",\"description\":\"Carreiras - Carreiras\",\"breadcrumb\":{\"@id\":\"https:\\\/\\\/wecoconnectors.com\\\/pt-pt\\\/careers\\\/#breadcrumb\"},\"inLanguage\":\"pt-PT\",\"potentialAction\":[{\"@type\":\"ReadAction\",\"target\":[\"https:\\\/\\\/wecoconnectors.com\\\/pt-pt\\\/careers\\\/\"]}]},{\"@type\":\"BreadcrumbList\",\"@id\":\"https:\\\/\\\/wecoconnectors.com\\\/pt-pt\\\/careers\\\/#breadcrumb\",\"itemListElement\":[{\"@type\":\"ListItem\",\"position\":1,\"name\":\"Home\",\"item\":\"https:\\\/\\\/wecoconnectors.com\\\/pt-pt\\\/\"},{\"@type\":\"ListItem\",\"position\":2,\"name\":\"Carreiras\"}]},{\"@type\":\"WebSite\",\"@id\":\"https:\\\/\\\/wecoconnectors.com\\\/en\\\/#website\",\"url\":\"https:\\\/\\\/wecoconnectors.com\\\/en\\\/\",\"name\":\"WECO Electrical Connectors\",\"description\":\"Connection without limits\",\"publisher\":{\"@id\":\"https:\\\/\\\/wecoconnectors.com\\\/en\\\/#organization\"},\"potentialAction\":[{\"@type\":\"SearchAction\",\"target\":{\"@type\":\"EntryPoint\",\"urlTemplate\":\"https:\\\/\\\/wecoconnectors.com\\\/en\\\/?s={search_term_string}\"},\"query-input\":{\"@type\":\"PropertyValueSpecification\",\"valueRequired\":true,\"valueName\":\"search_term_string\"}}],\"inLanguage\":\"pt-PT\"},{\"@type\":\"Organization\",\"@id\":\"https:\\\/\\\/wecoconnectors.com\\\/en\\\/#organization\",\"name\":\"WECO Electrical Connectors\",\"url\":\"https:\\\/\\\/wecoconnectors.com\\\/en\\\/\",\"logo\":{\"@type\":\"ImageObject\",\"inLanguage\":\"pt-PT\",\"@id\":\"https:\\\/\\\/wecoconnectors.com\\\/en\\\/#\\\/schema\\\/logo\\\/image\\\/\",\"url\":\"https:\\\/\\\/wecoconnectors.com\\\/wp-content\\\/uploads\\\/2021\\\/12\\\/weco-seo-new.jpg\",\"contentUrl\":\"https:\\\/\\\/wecoconnectors.com\\\/wp-content\\\/uploads\\\/2021\\\/12\\\/weco-seo-new.jpg\",\"width\":971,\"height\":509,\"caption\":\"WECO Electrical Connectors\"},\"image\":{\"@id\":\"https:\\\/\\\/wecoconnectors.com\\\/en\\\/#\\\/schema\\\/logo\\\/image\\\/\"}}]}<\/script>\n<!-- \/ Yoast SEO plugin. -->","yoast_head_json":{"title":"Carreiras - WECO Electrical Connectors","description":"Carreiras - Carreiras","robots":{"index":"index","follow":"follow","max-snippet":"max-snippet:-1","max-image-preview":"max-image-preview:large","max-video-preview":"max-video-preview:-1"},"canonical":"https:\/\/wecoconnectors.com\/pt-pt\/careers\/","og_locale":"pt_PT","og_type":"article","og_title":"Carreiras - WECO Electrical Connectors","og_description":"Carreiras - Carreiras","og_url":"https:\/\/wecoconnectors.com\/pt-pt\/careers\/","og_site_name":"WECO Electrical Connectors","article_modified_time":"2021-02-09T13:40:59+00:00","og_image":[{"width":971,"height":509,"url":"https:\/\/wecoconnectors.com\/wp-content\/uploads\/2021\/12\/weco-seo-new.jpg","type":"image\/jpeg"}],"twitter_card":"summary_large_image","twitter_misc":{"Tempo estimado de leitura":"1 minuto"},"schema":{"@context":"https:\/\/schema.org","@graph":[{"@type":"WebPage","@id":"https:\/\/wecoconnectors.com\/pt-pt\/careers\/","url":"https:\/\/wecoconnectors.com\/pt-pt\/careers\/","name":"Carreiras - WECO Electrical Connectors","isPartOf":{"@id":"https:\/\/wecoconnectors.com\/en\/#website"},"datePublished":"2021-01-28T09:21:33+00:00","dateModified":"2021-02-09T13:40:59+00:00","description":"Carreiras - Carreiras","breadcrumb":{"@id":"https:\/\/wecoconnectors.com\/pt-pt\/careers\/#breadcrumb"},"inLanguage":"pt-PT","potentialAction":[{"@type":"ReadAction","target":["https:\/\/wecoconnectors.com\/pt-pt\/careers\/"]}]},{"@type":"BreadcrumbList","@id":"https:\/\/wecoconnectors.com\/pt-pt\/careers\/#breadcrumb","itemListElement":[{"@type":"ListItem","position":1,"name":"Home","item":"https:\/\/wecoconnectors.com\/pt-pt\/"},{"@type":"ListItem","position":2,"name":"Carreiras"}]},{"@type":"WebSite","@id":"https:\/\/wecoconnectors.com\/en\/#website","url":"https:\/\/wecoconnectors.com\/en\/","name":"WECO Electrical Connectors","description":"Connection without limits","publisher":{"@id":"https:\/\/wecoconnectors.com\/en\/#organization"},"potentialAction":[{"@type":"SearchAction","target":{"@type":"EntryPoint","urlTemplate":"https:\/\/wecoconnectors.com\/en\/?s={search_term_string}"},"query-input":{"@type":"PropertyValueSpecification","valueRequired":true,"valueName":"search_term_string"}}],"inLanguage":"pt-PT"},{"@type":"Organization","@id":"https:\/\/wecoconnectors.com\/en\/#organization","name":"WECO Electrical Connectors","url":"https:\/\/wecoconnectors.com\/en\/","logo":{"@type":"ImageObject","inLanguage":"pt-PT","@id":"https:\/\/wecoconnectors.com\/en\/#\/schema\/logo\/image\/","url":"https:\/\/wecoconnectors.com\/wp-content\/uploads\/2021\/12\/weco-seo-new.jpg","contentUrl":"https:\/\/wecoconnectors.com\/wp-content\/uploads\/2021\/12\/weco-seo-new.jpg","width":971,"height":509,"caption":"WECO Electrical Connectors"},"image":{"@id":"https:\/\/wecoconnectors.com\/en\/#\/schema\/logo\/image\/"}}]}},"_links":{"self":[{"href":"https:\/\/wecoconnectors.com\/pt-pt\/wp-json\/wp\/v2\/pages\/40528","targetHints":{"allow":["GET"]}}],"collection":[{"href":"https:\/\/wecoconnectors.com\/pt-pt\/wp-json\/wp\/v2\/pages"}],"about":[{"href":"https:\/\/wecoconnectors.com\/pt-pt\/wp-json\/wp\/v2\/types\/page"}],"author":[{"embeddable":true,"href":"https:\/\/wecoconnectors.com\/pt-pt\/wp-json\/wp\/v2\/users\/8"}],"replies":[{"embeddable":true,"href":"https:\/\/wecoconnectors.com\/pt-pt\/wp-json\/wp\/v2\/comments?post=40528"}],"version-history":[{"count":0,"href":"https:\/\/wecoconnectors.com\/pt-pt\/wp-json\/wp\/v2\/pages\/40528\/revisions"}],"wp:attachment":[{"href":"https:\/\/wecoconnectors.com\/pt-pt\/wp-json\/wp\/v2\/media?parent=40528"}],"curies":[{"name":"wp","href":"https:\/\/api.w.org\/{rel}","templated":true}]}}